{"id":586,"date":"2015-12-11T09:59:09","date_gmt":"2015-12-11T08:59:09","guid":{"rendered":"http:\/\/koetterheinrich.de\/farben\/?lang=pl"},"modified":"2019-03-21T09:27:36","modified_gmt":"2019-03-21T08:27:36","slug":"piekno-w-roznych-odcieniach-barw","status":"publish","type":"page","link":"https:\/\/koetterheinrich.de\/pl\/piekno-w-roznych-odcieniach-barw\/","title":{"rendered":"Pi\u0119kno w r\u00f3\u017cnych odcieniach barw"},"content":{"rendered":"<p>[et_pb_section fb_built=&#8221;1&#8243; _builder_version=&#8221;3.18.5&#8243; custom_padding=&#8221;||&#8221; locked=&#8221;off&#8221;][et_pb_row _builder_version=&#8221;3.21&#8243; background_size=&#8221;initial&#8221; background_position=&#8221;top_left&#8221; background_repeat=&#8221;repeat&#8221; module_class_2=&#8221;add-margin-padding&#8221;][et_pb_column type=&#8221;1_4&#8243; _builder_version=&#8221;3.0.47&#8243;][et_pb_sidebar area=&#8221;sidebar-1&#8243; _builder_version=&#8221;3.17.6&#8243;][\/et_pb_sidebar][\/et_pb_column][et_pb_column type=&#8221;1_2&#8243; _builder_version=&#8221;3.0.47&#8243;][et_pb_post_title meta=&#8221;off&#8221; featured_image=&#8221;off&#8221; _builder_version=&#8221;3.18.5&#8243;][\/et_pb_post_title][et_pb_text _builder_version=&#8221;3.18.5&#8243;]R\u00f3\u017cnorodno\u015b\u0107, kt\u00f3ra zachwyca: z gatunk\u00f3w Hydrangea paniculata (hortensja bukietowa) oraz Hydrangea macrophylla (hortensja doniczkowa i ogrodowa) w firmie hodujemy K\u00f6tterheinrich doskona\u0142y materia\u0142 wyj\u015bciowy. <\/p>\n<p>Uprawniane przez nas nieukorzenione sadzonki, m\u0142ode ro\u015bliny oraz gotowe ro\u015bliny doniczkowe prezentuj\u0105 bogate spektrum odmian jedno- i dwukolorowych, po\u0142yskuj\u0105cych wieloma odcieniami.<\/p>\n<p>Nowo\u015bci\u0105 w asortymencie firmy K\u00f6tterheinrich s\u0105 cztery wspania\u0142e odmiany hortensji Hydrangea paniculata ze Stowarzyszenia Hodowc\u00f3w Hortensji (Hydrangea Breeders Association): Panzola, Panflora, Pandria i Pandora.<\/p>\n<p>Serdecznie witamy w podr\u00f3\u017cy przez barwny \u015bwiat naszych hortensji.[\/et_pb_text][et_pb_gallery gallery_ids=&#8221;4595,4600&#8243; posts_number=&#8221;2&#8243; show_title_and_caption=&#8221;off&#8221; show_pagination=&#8221;off&#8221; zoom_icon_color=&#8221;#000000&#8243; _builder_version=&#8221;3.18.7&#8243;][\/et_pb_gallery][\/et_pb_column][et_pb_column type=&#8221;1_4&#8243; _builder_version=&#8221;3.0.47&#8243;][\/et_pb_column][\/et_pb_row][\/et_pb_section]<\/p>\n","protected":false},"excerpt":{"rendered":"<p>R\u00f3\u017cnorodno\u015b\u0107, kt\u00f3ra zachwyca: z gatunk\u00f3w Hydrangea paniculata (hortensja bukietowa) oraz Hydrangea macrophylla (hortensja doniczkowa i ogrodowa) w firmie hodujemy K\u00f6tterheinrich doskona\u0142y materia\u0142 wyj\u015bciowy. Uprawniane przez nas nieukorzenione sadzonki, m\u0142ode ro\u015bliny oraz gotowe ro\u015bliny doniczkowe prezentuj\u0105 bogate spektrum odmian jedno- i dwukolorowych, po\u0142yskuj\u0105cych wieloma odcieniami. Nowo\u015bci\u0105 w asortymencie firmy K\u00f6tterheinrich s\u0105 cztery wspania\u0142e odmiany hortensji Hydrangea [&hellip;]<\/p>\n","protected":false},"author":3,"featured_media":0,"parent":0,"menu_order":0,"comment_status":"closed","ping_status":"closed","template":"","meta":{"_et_pb_use_builder":"on","_et_pb_old_content":"[koetterheinrich_farbauswahl]","_et_gb_content_width":""},"acf":[],"_links":{"self":[{"href":"https:\/\/koetterheinrich.de\/pl\/wp-json\/wp\/v2\/pages\/586"}],"collection":[{"href":"https:\/\/koetterheinrich.de\/pl\/wp-json\/wp\/v2\/pages"}],"about":[{"href":"https:\/\/koetterheinrich.de\/pl\/wp-json\/wp\/v2\/types\/page"}],"author":[{"embeddable":true,"href":"https:\/\/koetterheinrich.de\/pl\/wp-json\/wp\/v2\/users\/3"}],"replies":[{"embeddable":true,"href":"https:\/\/koetterheinrich.de\/pl\/wp-json\/wp\/v2\/comments?post=586"}],"version-history":[{"count":8,"href":"https:\/\/koetterheinrich.de\/pl\/wp-json\/wp\/v2\/pages\/586\/revisions"}],"predecessor-version":[{"id":5313,"href":"https:\/\/koetterheinrich.de\/pl\/wp-json\/wp\/v2\/pages\/586\/revisions\/5313"}],"wp:attachment":[{"href":"https:\/\/koetterheinrich.de\/pl\/wp-json\/wp\/v2\/media?parent=586"}],"curies":[{"name":"wp","href":"https:\/\/api.w.org\/{rel}","templated":true}]}}