{"id":572,"date":"2015-12-10T10:26:28","date_gmt":"2015-12-10T09:26:28","guid":{"rendered":"http:\/\/koetterheinrich.de\/hortensiensorten\/?lang=pl"},"modified":"2018-03-13T08:50:42","modified_gmt":"2018-03-13T07:50:42","slug":"odmiany-hortensji","status":"publish","type":"page","link":"https:\/\/koetterheinrich.de\/pl\/odmiany-hortensji\/","title":{"rendered":"Naturalne pi\u0119kno <br>powsta\u0142e dzi\u0119ki  <br>wyj\u0105tkowej staranno\u015bci"},"content":{"rendered":"<p>Na ko\u0144cu procesu kultywacji hortensje firmy K\u00f6tterheinrich s\u0105 pi\u0119knymi, pe\u0142nymi barw ro\u015blinami. W naszej ofercie znajd\u0105 Pa\u0144stwo w sumie 50 r\u00f3\u017cnych, wyselekcjonowanych gatunk\u00f3w hortensji \u2013 niebieskich, czerwonych, r\u00f3\u017cowych, bia\u0142ych czy te\u017c  dwukolorowych.  Wsp\u00f3ln\u0105 cech\u0105 ich wszystkich s\u0105 znakomite w\u0142a\u015bciwo\u015bci, kt\u00f3re uzyskano dzi\u0119ki \u015bwiadomej i starannej uprawie przez specjalist\u00f3w firmy Kotterheinrich.<\/p>\n<p>Zaliczaj\u0105 si\u0119 do nich pierwszorz\u0119dne p\u0105ki, wczesne kwitnienie oraz stabilny wzrost.  Nasze wysokie wymagania oraz w\u0142o\u017cony du\u017cy wysi\u0142ek przek\u0142adaj\u0105 si\u0119 na najlepsze rezultaty hodowlane u Pa\u0144stwa.<\/p>\n<p><span class=\"no-display\">Pe\u0142ny wykaz naszych odmian mo\u017cna znale\u017a\u0107, <a href=\"https:\/\/koetterheinrich.de\/pl\/sortenliste\/\">[ klikaj\u0105c tutaj ]<\/a>.<\/span><\/p>\n","protected":false},"excerpt":{"rendered":"<p>Na ko\u0144cu procesu kultywacji hortensje firmy K\u00f6tterheinrich s\u0105 pi\u0119knymi, pe\u0142nymi barw ro\u015blinami. W naszej ofercie znajd\u0105 Pa\u0144stwo w sumie 50 r\u00f3\u017cnych, wyselekcjonowanych gatunk\u00f3w hortensji \u2013 niebieskich, czerwonych, r\u00f3\u017cowych, bia\u0142ych czy te\u017c dwukolorowych. Wsp\u00f3ln\u0105 cech\u0105 ich wszystkich s\u0105 znakomite w\u0142a\u015bciwo\u015bci, kt\u00f3re uzyskano dzi\u0119ki \u015bwiadomej i starannej uprawie przez specjalist\u00f3w firmy Kotterheinrich. Zaliczaj\u0105 si\u0119 do nich pierwszorz\u0119dne [&hellip;]<\/p>\n","protected":false},"author":3,"featured_media":506,"parent":0,"menu_order":0,"comment_status":"closed","ping_status":"closed","template":"","meta":{"_et_pb_use_builder":"","_et_pb_old_content":"","_et_gb_content_width":""},"acf":[],"_links":{"self":[{"href":"https:\/\/koetterheinrich.de\/pl\/wp-json\/wp\/v2\/pages\/572"}],"collection":[{"href":"https:\/\/koetterheinrich.de\/pl\/wp-json\/wp\/v2\/pages"}],"about":[{"href":"https:\/\/koetterheinrich.de\/pl\/wp-json\/wp\/v2\/types\/page"}],"author":[{"embeddable":true,"href":"https:\/\/koetterheinrich.de\/pl\/wp-json\/wp\/v2\/users\/3"}],"replies":[{"embeddable":true,"href":"https:\/\/koetterheinrich.de\/pl\/wp-json\/wp\/v2\/comments?post=572"}],"version-history":[{"count":0,"href":"https:\/\/koetterheinrich.de\/pl\/wp-json\/wp\/v2\/pages\/572\/revisions"}],"wp:featuredmedia":[{"embeddable":true,"href":"https:\/\/koetterheinrich.de\/pl\/wp-json\/wp\/v2\/media\/506"}],"wp:attachment":[{"href":"https:\/\/koetterheinrich.de\/pl\/wp-json\/wp\/v2\/media?parent=572"}],"curies":[{"name":"wp","href":"https:\/\/api.w.org\/{rel}","templated":true}]}}