{"id":559,"date":"2015-12-15T12:34:39","date_gmt":"2015-12-15T11:34:39","guid":{"rendered":"http:\/\/koetterheinrich.de\/jedna-roslinawiele-czynnikow\/rohware\/?lang=pl"},"modified":"2019-03-21T08:46:38","modified_gmt":"2019-03-21T07:46:38","slug":"rohware","status":"publish","type":"page","link":"https:\/\/koetterheinrich.de\/pl\/produkcja-hortensji\/rohware\/","title":{"rendered":"Wiele <br>wariant\u00f3w i <br>mozliwosci"},"content":{"rendered":"<p>[et_pb_section fb_built=&#8221;1&#8243; _builder_version=&#8221;3.0.47&#8243;][et_pb_row _builder_version=&#8221;3.21&#8243; background_size=&#8221;initial&#8221; background_position=&#8221;top_left&#8221; background_repeat=&#8221;repeat&#8221; module_class_2=&#8221;add-margin-padding&#8221;][et_pb_column type=&#8221;1_4&#8243; _builder_version=&#8221;3.0.47&#8243;][et_pb_sidebar area=&#8221;sidebar-1&#8243; show_border=&#8221;off&#8221; _builder_version=&#8221;3.17.6&#8243; text_orientation=&#8221;center&#8221;][\/et_pb_sidebar][\/et_pb_column][et_pb_column type=&#8221;1_2&#8243; _builder_version=&#8221;3.0.47&#8243;][et_pb_post_title meta=&#8221;off&#8221; featured_image=&#8221;off&#8221; text_color=&#8221;light&#8221; _builder_version=&#8221;3.17.6&#8243; title_font=&#8221;|||on|||||&#8221; title_font_size=&#8221;40px&#8221;][\/et_pb_post_title][et_pb_text _builder_version=&#8221;3.0.74&#8243; background_size=&#8221;initial&#8221; background_position=&#8221;top_left&#8221; background_repeat=&#8221;repeat&#8221;]W przypadku p\u00f3lprodukt\u00f3w istnieja praktycznie nieograniczone mozliwosci wariacji. Wynika to r\u00f3wniez z tego, ze nasze p\u00f3lprodukty sa dostepne w doniczkach o r\u00f3znej wielkosci od 9,5 cm do 17 cm. Ponadto jesienia moga Panstwo nabyc towar bez wyksztalconych pak\u00f3w, bezposrednio z pola. Alternatywnie od listopada do czerwca oferujemy Panstwu gotowy, schlodzony i oczyszczony towar bez pak\u00f3w z chlodni.<\/p>\n<p>P\u00f3\u0142produkty z wykszta\u0142conymi p\u0105kami mog\u0105 Pa\u0144stwo naby\u0107 w r\u00f3\u017cnych stadiach rozwoju, tak aby w jak najprostszy spos\u00f3b zintegrowa\u0107 je z w\u0142asnym procesem hodowlanym.<br \/>\n[\/et_pb_text][et_pb_gallery gallery_ids=&#8221;488,490,491,492,493,495,4783,4778&#8243; posts_number=&#8221;8&#8243; db_image_max_width_tablet=&#8221;51&#8243; db_image_max_height_tablet=&#8221;501&#8243; db_image_row_spacing_tablet=&#8221;51&#8243; db_image_center_titles=&#8221;left&#8221; db_image_object_fit=&#8221;initial&#8221; show_title_and_caption=&#8221;off&#8221; show_pagination=&#8221;off&#8221; zoom_icon_color=&#8221;#000000&#8243; _builder_version=&#8221;3.18.7&#8243;][\/et_pb_gallery][\/et_pb_column][et_pb_column type=&#8221;1_4&#8243; _builder_version=&#8221;3.0.47&#8243;][\/et_pb_column][\/et_pb_row][\/et_pb_section]<\/p>\n","protected":false},"excerpt":{"rendered":"<p>W przypadku p\u00f3lprodukt\u00f3w istnieja praktycznie nieograniczone mozliwosci wariacji. Wynika to r\u00f3wniez z tego, ze nasze p\u00f3lprodukty sa dostepne w doniczkach o r\u00f3znej wielkosci od 9,5 cm do 17 cm. Ponadto jesienia moga Panstwo nabyc towar bez wyksztalconych pak\u00f3w, bezposrednio z pola. Alternatywnie od listopada do czerwca oferujemy Panstwu gotowy, schlodzony i oczyszczony towar bez pak\u00f3w [&hellip;]<\/p>\n","protected":false},"author":3,"featured_media":446,"parent":533,"menu_order":0,"comment_status":"closed","ping_status":"closed","template":"","meta":{"_et_pb_use_builder":"on","_et_pb_old_content":"Bei der Rohware sind der Variation kaum Grenzen gesetzt. Das gilt vor allem, da unserer Rohware in vielen Topfgr\u00f6\u00dfen von 9,5 cm bis 17 cm erh\u00e4ltlich ist. Weiterhin k\u00f6nnen Sie ungetriebene Rohware im Herbst direkt vom Feld beziehen. Alternativ bieten wir Ihnen die ungetriebene Rohware von November bis Juni fertig gek\u00fchlt und geputzt aus dem K\u00fchlhaus an.\r\n\r\nAngetriebene Rohware k\u00f6nnen Sie in verschiedenen Treibst\u00e4nden erwerben, um sie so einfach wie m\u00f6glich in Ihren Kulturablauf zu integrieren.","_et_gb_content_width":""},"acf":[],"_links":{"self":[{"href":"https:\/\/koetterheinrich.de\/pl\/wp-json\/wp\/v2\/pages\/559"}],"collection":[{"href":"https:\/\/koetterheinrich.de\/pl\/wp-json\/wp\/v2\/pages"}],"about":[{"href":"https:\/\/koetterheinrich.de\/pl\/wp-json\/wp\/v2\/types\/page"}],"author":[{"embeddable":true,"href":"https:\/\/koetterheinrich.de\/pl\/wp-json\/wp\/v2\/users\/3"}],"replies":[{"embeddable":true,"href":"https:\/\/koetterheinrich.de\/pl\/wp-json\/wp\/v2\/comments?post=559"}],"version-history":[{"count":12,"href":"https:\/\/koetterheinrich.de\/pl\/wp-json\/wp\/v2\/pages\/559\/revisions"}],"predecessor-version":[{"id":5288,"href":"https:\/\/koetterheinrich.de\/pl\/wp-json\/wp\/v2\/pages\/559\/revisions\/5288"}],"up":[{"embeddable":true,"href":"https:\/\/koetterheinrich.de\/pl\/wp-json\/wp\/v2\/pages\/533"}],"wp:featuredmedia":[{"embeddable":true,"href":"https:\/\/koetterheinrich.de\/pl\/wp-json\/wp\/v2\/media\/446"}],"wp:attachment":[{"href":"https:\/\/koetterheinrich.de\/pl\/wp-json\/wp\/v2\/media?parent=559"}],"curies":[{"name":"wp","href":"https:\/\/api.w.org\/{rel}","templated":true}]}}