{"id":549,"date":"2015-12-15T12:32:01","date_gmt":"2015-12-15T11:32:01","guid":{"rendered":"http:\/\/koetterheinrich.de\/jedna-roslinawiele-czynnikow\/jungpflanzen\/?lang=pl"},"modified":"2019-03-21T08:46:44","modified_gmt":"2019-03-21T07:46:44","slug":"sadzonki","status":"publish","type":"page","link":"https:\/\/koetterheinrich.de\/pl\/produkcja-hortensji\/sadzonki\/","title":{"rendered":"M\u0142ode <br>i mocne \u2013 <br>o to chodzi!"},"content":{"rendered":"<p>[et_pb_section fb_built=&#8221;1&#8243; _builder_version=&#8221;3.0.47&#8243;][et_pb_row _builder_version=&#8221;3.21&#8243; background_size=&#8221;initial&#8221; background_position=&#8221;top_left&#8221; background_repeat=&#8221;repeat&#8221; module_class_2=&#8221;add-margin-padding&#8221;][et_pb_column type=&#8221;1_4&#8243; _builder_version=&#8221;3.0.47&#8243;][et_pb_sidebar area=&#8221;sidebar-1&#8243; show_border=&#8221;off&#8221; _builder_version=&#8221;3.17.6&#8243; text_orientation=&#8221;center&#8221;][\/et_pb_sidebar][\/et_pb_column][et_pb_column type=&#8221;1_2&#8243; _builder_version=&#8221;3.0.47&#8243;][et_pb_post_title meta=&#8221;off&#8221; featured_image=&#8221;off&#8221; text_color=&#8221;light&#8221; _builder_version=&#8221;3.17.6&#8243; title_font=&#8221;|||on|||||&#8221; title_font_size=&#8221;40px&#8221;][\/et_pb_post_title][et_pb_text _builder_version=&#8221;3.0.74&#8243; background_size=&#8221;initial&#8221; background_position=&#8221;top_left&#8221; background_repeat=&#8221;repeat&#8221;]Nasze rozsady s\u0105 dost\u0119pne mi\u0119dzy 15. a 29. tygodniem kalendarzowym i s\u0105 umieszczone w czterocentymetrowych, papierowych pojemnikach typu paperpot. Tym samym idealnie nadaj\u0105 si\u0119 do sadzenia w doniczkach w szklarniach b\u0105d\u017a bezpo\u015brednio w gruntach uprawnych.<\/p>\n<p>Dostarczamy zar\u00f3wno rozsady przyci\u0119te, jak i nieprzyci\u0119te \u2013 wedle Pa\u0144stwa \u017cyczenia. W ten spos\u00f3b gwarantowana jest elastyczno\u015b\u0107, kt\u00f3ra spe\u0142ni Pa\u0144stwa oczekiwania.<br \/>\n[\/et_pb_text][et_pb_gallery gallery_ids=&#8221;498,497,499&#8243; posts_number=&#8221;3&#8243; show_title_and_caption=&#8221;off&#8221; show_pagination=&#8221;off&#8221; zoom_icon_color=&#8221;#000000&#8243; _builder_version=&#8221;3.17.6&#8243;][\/et_pb_gallery][\/et_pb_column][et_pb_column type=&#8221;1_4&#8243; _builder_version=&#8221;3.0.47&#8243;][\/et_pb_column][\/et_pb_row][\/et_pb_section]<\/p>\n","protected":false},"excerpt":{"rendered":"<p>Nasze rozsady s\u0105 dost\u0119pne mi\u0119dzy 15. a 29. tygodniem kalendarzowym i s\u0105 umieszczone w czterocentymetrowych, papierowych pojemnikach typu paperpot. Tym samym idealnie nadaj\u0105 si\u0119 do sadzenia w doniczkach w szklarniach b\u0105d\u017a bezpo\u015brednio w gruntach uprawnych. Dostarczamy zar\u00f3wno rozsady przyci\u0119te, jak i nieprzyci\u0119te \u2013 wedle Pa\u0144stwa \u017cyczenia. W ten spos\u00f3b gwarantowana jest elastyczno\u015b\u0107, kt\u00f3ra spe\u0142ni Pa\u0144stwa [&hellip;]<\/p>\n","protected":false},"author":3,"featured_media":604,"parent":533,"menu_order":0,"comment_status":"closed","ping_status":"closed","template":"","meta":{"_et_pb_use_builder":"on","_et_pb_old_content":"Unsere Jungpflanzen sind in den Kalenderwochen 15 bis 29 verf\u00fcgbar und stehen in einem 4cm Paperpot. Somit sind sie ideal f\u00fcr das Topfen ins Gew\u00e4chshaus oder direkt ins Freiland geeignet.\r\n\r\nGanz nach Ihrem Wunsch liefern wir die Jungpflanzen gestutzt oder ungestutzt. So wird Flexibilit\u00e4t garantiert, die Ihren Anspr\u00fcchen gerecht wird.","_et_gb_content_width":""},"acf":[],"_links":{"self":[{"href":"https:\/\/koetterheinrich.de\/pl\/wp-json\/wp\/v2\/pages\/549"}],"collection":[{"href":"https:\/\/koetterheinrich.de\/pl\/wp-json\/wp\/v2\/pages"}],"about":[{"href":"https:\/\/koetterheinrich.de\/pl\/wp-json\/wp\/v2\/types\/page"}],"author":[{"embeddable":true,"href":"https:\/\/koetterheinrich.de\/pl\/wp-json\/wp\/v2\/users\/3"}],"replies":[{"embeddable":true,"href":"https:\/\/koetterheinrich.de\/pl\/wp-json\/wp\/v2\/comments?post=549"}],"version-history":[{"count":6,"href":"https:\/\/koetterheinrich.de\/pl\/wp-json\/wp\/v2\/pages\/549\/revisions"}],"predecessor-version":[{"id":5292,"href":"https:\/\/koetterheinrich.de\/pl\/wp-json\/wp\/v2\/pages\/549\/revisions\/5292"}],"up":[{"embeddable":true,"href":"https:\/\/koetterheinrich.de\/pl\/wp-json\/wp\/v2\/pages\/533"}],"wp:featuredmedia":[{"embeddable":true,"href":"https:\/\/koetterheinrich.de\/pl\/wp-json\/wp\/v2\/media\/604"}],"wp:attachment":[{"href":"https:\/\/koetterheinrich.de\/pl\/wp-json\/wp\/v2\/media?parent=549"}],"curies":[{"name":"wp","href":"https:\/\/api.w.org\/{rel}","templated":true}]}}