{"id":535,"date":"2016-01-20T10:27:49","date_gmt":"2016-01-20T09:27:49","guid":{"rendered":"http:\/\/koetterheinrich.de\/?page_id=535&#038;lang=pl"},"modified":"2019-03-21T08:46:59","modified_gmt":"2019-03-21T07:46:59","slug":"witalna-podstawa-okazalych-upraw-hortensji","status":"publish","type":"page","link":"https:\/\/koetterheinrich.de\/pl\/produkcja-hortensji\/witalna-podstawa-okazalych-upraw-hortensji\/","title":{"rendered":"Witalna podstawa <br>okaza\u0142ych<br> upraw hortensji"},"content":{"rendered":"<p>[et_pb_section fb_built=&#8221;1&#8243; _builder_version=&#8221;3.0.47&#8243;][et_pb_row _builder_version=&#8221;3.21&#8243; background_size=&#8221;initial&#8221; background_position=&#8221;top_left&#8221; background_repeat=&#8221;repeat&#8221; module_class_2=&#8221;add-margin-padding&#8221;][et_pb_column type=&#8221;1_4&#8243; _builder_version=&#8221;3.0.47&#8243;][et_pb_sidebar area=&#8221;sidebar-1&#8243; show_border=&#8221;off&#8221; _builder_version=&#8221;3.17.6&#8243; text_orientation=&#8221;center&#8221;][\/et_pb_sidebar][\/et_pb_column][et_pb_column type=&#8221;1_2&#8243; _builder_version=&#8221;3.0.47&#8243;][et_pb_post_title meta=&#8221;off&#8221; featured_image=&#8221;off&#8221; text_color=&#8221;light&#8221; _builder_version=&#8221;3.17.6&#8243; title_font=&#8221;|||on|||||&#8221; title_font_size=&#8221;40px&#8221;][\/et_pb_post_title][et_pb_text _builder_version=&#8221;3.0.74&#8243; background_size=&#8221;initial&#8221; background_position=&#8221;top_left&#8221; background_repeat=&#8221;repeat&#8221;]W okresie od marca do lipca mog\u0105 Pa\u0144stwo zamawia\u0107 dowolne sadzonki z naszego asortymentu. Wszystkie one pochodz\u0105 z w\u0142asnych ro\u015blin matecznych i wyr\u00f3\u017cniaj\u0105 si\u0119 witalno\u015bci\u0105, homogeniczno\u015bci\u0105 przyrastania oraz jednakow\u0105 wielko\u015bci\u0105.<\/p>\n<p>Dzi\u0119ki temu ju\u017c na wczesnym etapie uzyskuje si\u0119 podstaw\u0119 do uprawy wysokiej jako\u015bci hortensji.<br \/>\n[\/et_pb_text][et_pb_gallery gallery_ids=&#8221;485,486&#8243; posts_number=&#8221;2&#8243; show_title_and_caption=&#8221;off&#8221; show_pagination=&#8221;off&#8221; zoom_icon_color=&#8221;#000000&#8243; _builder_version=&#8221;3.17.6&#8243;][\/et_pb_gallery][\/et_pb_column][et_pb_column type=&#8221;1_4&#8243; _builder_version=&#8221;3.0.47&#8243;][\/et_pb_column][\/et_pb_row][\/et_pb_section]<\/p>\n","protected":false},"excerpt":{"rendered":"<p>W okresie od marca do lipca mog\u0105 Pa\u0144stwo zamawia\u0107 dowolne sadzonki z naszego asortymentu. Wszystkie one pochodz\u0105 z w\u0142asnych ro\u015blin matecznych i wyr\u00f3\u017cniaj\u0105 si\u0119 witalno\u015bci\u0105, homogeniczno\u015bci\u0105 przyrastania oraz jednakow\u0105 wielko\u015bci\u0105. Dzi\u0119ki temu ju\u017c na wczesnym etapie uzyskuje si\u0119 podstaw\u0119 do uprawy wysokiej jako\u015bci hortensji.<\/p>\n","protected":false},"author":3,"featured_media":117,"parent":533,"menu_order":0,"comment_status":"closed","ping_status":"closed","template":"","meta":{"_et_pb_use_builder":"on","_et_pb_old_content":"<p>In der Zeit von M\u00e4rz bis Juli k\u00f6nnen Sie aus unserem Sortiment Stecklinge Ihrer Wahl bestellen. Diese stammen allesamt von eigenen Mutterpflanzen und zeichnen sich durch ihre Vitalit\u00e4t, Homogenit\u00e4t im Anwachsen und ihren gleichm\u00e4\u00dfigen Schnitt aus.<\/p><p>So wird fr\u00fch ein Grundstein f\u00fcr die Aufzucht hochqualitativer Hortensienkulturen gesetzt.<\/p>","_et_gb_content_width":""},"acf":[],"_links":{"self":[{"href":"https:\/\/koetterheinrich.de\/pl\/wp-json\/wp\/v2\/pages\/535"}],"collection":[{"href":"https:\/\/koetterheinrich.de\/pl\/wp-json\/wp\/v2\/pages"}],"about":[{"href":"https:\/\/koetterheinrich.de\/pl\/wp-json\/wp\/v2\/types\/page"}],"author":[{"embeddable":true,"href":"https:\/\/koetterheinrich.de\/pl\/wp-json\/wp\/v2\/users\/3"}],"replies":[{"embeddable":true,"href":"https:\/\/koetterheinrich.de\/pl\/wp-json\/wp\/v2\/comments?post=535"}],"version-history":[{"count":6,"href":"https:\/\/koetterheinrich.de\/pl\/wp-json\/wp\/v2\/pages\/535\/revisions"}],"predecessor-version":[{"id":5295,"href":"https:\/\/koetterheinrich.de\/pl\/wp-json\/wp\/v2\/pages\/535\/revisions\/5295"}],"up":[{"embeddable":true,"href":"https:\/\/koetterheinrich.de\/pl\/wp-json\/wp\/v2\/pages\/533"}],"wp:featuredmedia":[{"embeddable":true,"href":"https:\/\/koetterheinrich.de\/pl\/wp-json\/wp\/v2\/media\/117"}],"wp:attachment":[{"href":"https:\/\/koetterheinrich.de\/pl\/wp-json\/wp\/v2\/media?parent=535"}],"curies":[{"name":"wp","href":"https:\/\/api.w.org\/{rel}","templated":true}]}}