{"id":533,"date":"2016-01-20T10:26:22","date_gmt":"2016-01-20T09:26:22","guid":{"rendered":"http:\/\/koetterheinrich.de\/?page_id=533&#038;lang=pl"},"modified":"2016-01-26T10:03:35","modified_gmt":"2016-01-26T09:03:35","slug":"produkcja-hortensji","status":"publish","type":"page","link":"https:\/\/koetterheinrich.de\/pl\/produkcja-hortensji\/","title":{"rendered":"Jedna ro\u015blina,<br>wiele czynnik\u00f3w"},"content":{"rendered":"<p>W hodowli okaza\u0142ych i \u017cywotnych hortensji wa\u017cn\u0105 rol\u0119 odgrywa wiele czynnik\u00f3w. Czynnik decyduj\u0105cy stanowi\u0105 geny przekazywane ro\u015blinie w procesie uprawy. Aby oferowa\u0107 tylko najlepsze odmiany, firma K\u00f6tterheinrich jest cz\u0142onkiem stowarzyszenia Hydrangean Breeders Association (HBA), dzi\u0119ki czemu ma w swoim asortymencie tak\u017ce odmiany innych hodowc\u00f3w. Do hodowli i piel\u0119gnacji tych wyselekcjonowanych odmian niezb\u0119dne s\u0105 idealne warunki miejscowe, umo\u017cliwiaj\u0105ce zachowanie sta\u0142ych standard\u00f3w uprawowych. Ponadto kluczowe znaczenie ma profesjonalna obs\u0142uga hodowli przez wyspecjalizowanych pracownik\u00f3w.<\/p>\n<p>Rezultat naszej \u015bwiadomej i przemy\u015blanej kultywacji najlepiej odzwierciedlaj\u0105 nasze produkty. S\u0105 one oferowane w trzech stadiach rozwoju \u2013 wszystkie przekonuj\u0105 swoj\u0105 odporno\u015bci\u0105 oraz sta\u0142\u0105, homogeniczn\u0105 jako\u015bci\u0105:<\/p>\n","protected":false},"excerpt":{"rendered":"<p>W hodowli okaza\u0142ych i \u017cywotnych hortensji wa\u017cn\u0105 rol\u0119 odgrywa wiele czynnik\u00f3w. Czynnik decyduj\u0105cy stanowi\u0105 geny przekazywane ro\u015blinie w procesie uprawy. Aby oferowa\u0107 tylko najlepsze odmiany, firma K\u00f6tterheinrich jest cz\u0142onkiem stowarzyszenia Hydrangean Breeders Association (HBA), dzi\u0119ki czemu ma w swoim asortymencie tak\u017ce odmiany innych hodowc\u00f3w. Do hodowli i piel\u0119gnacji tych wyselekcjonowanych odmian niezb\u0119dne s\u0105 idealne warunki [&hellip;]<\/p>\n","protected":false},"author":3,"featured_media":325,"parent":0,"menu_order":0,"comment_status":"closed","ping_status":"closed","template":"","meta":{"_et_pb_use_builder":"off","_et_pb_old_content":"In der Kultivierung von prachtvollen und vitalen Hortensien spielen viele Faktoren eine Rolle. Ein entscheidender Faktor sind die Anlagen, welche der Pflanze durch die Z\u00fcchtung mitgegeben werden. Um nur die besten Sorten ins unser Programm aufzunehmen, ist K\u00f6tterheinrich Mitglied der Hydrangean Breeders Association (HBA) und hat dar\u00fcber hinaus Sorten weiterer Z\u00fcchter im Sortiment. In der Aufzucht und Pflege dieser ausgew\u00e4hlten Sorten sind dann ideale Standortfaktoren unerl\u00e4sslich, um gleichbleibende Kulturstandards zu erm\u00f6glichen. Weiterhin ist die professionelle Handhabung durch fachkundige Mitarbeiter von entscheidender Bedeutung.\r\n\r\nErleben l\u00e4sst sich das Ergebnis unserer bewussten und durchdachten Kultivierung am einfachsten anhand unserer Produkte selbst. Diese werden in drei Entwicklungsstadien angeboten, die allesamt durch ihre Robustheit und homogene Qualit\u00e4t \u00fcberzeugen:","_et_gb_content_width":""},"acf":[],"_links":{"self":[{"href":"https:\/\/koetterheinrich.de\/pl\/wp-json\/wp\/v2\/pages\/533"}],"collection":[{"href":"https:\/\/koetterheinrich.de\/pl\/wp-json\/wp\/v2\/pages"}],"about":[{"href":"https:\/\/koetterheinrich.de\/pl\/wp-json\/wp\/v2\/types\/page"}],"author":[{"embeddable":true,"href":"https:\/\/koetterheinrich.de\/pl\/wp-json\/wp\/v2\/users\/3"}],"replies":[{"embeddable":true,"href":"https:\/\/koetterheinrich.de\/pl\/wp-json\/wp\/v2\/comments?post=533"}],"version-history":[{"count":0,"href":"https:\/\/koetterheinrich.de\/pl\/wp-json\/wp\/v2\/pages\/533\/revisions"}],"wp:featuredmedia":[{"embeddable":true,"href":"https:\/\/koetterheinrich.de\/pl\/wp-json\/wp\/v2\/media\/325"}],"wp:attachment":[{"href":"https:\/\/koetterheinrich.de\/pl\/wp-json\/wp\/v2\/media?parent=533"}],"curies":[{"name":"wp","href":"https:\/\/api.w.org\/{rel}","templated":true}]}}