{"id":524,"date":"2016-01-20T10:12:46","date_gmt":"2016-01-20T09:12:46","guid":{"rendered":"http:\/\/koetterheinrich.de\/?page_id=524&#038;lang=pl"},"modified":"2019-03-04T10:52:09","modified_gmt":"2019-03-04T09:52:09","slug":"naturalnie-tylko-to-co-najlepsze","status":"publish","type":"page","link":"https:\/\/koetterheinrich.de\/pl\/","title":{"rendered":"Naturalnie<br> tylko to,<br> co najlepsze"},"content":{"rendered":"<p>Hydrangea \u2013 czyli hortensje \u2013 to produkt zupe\u0142nie wyj\u0105tkowy. Dzi\u0119ki rado\u015bci czerpanej z kultywacji oraz sta\u0142emu d\u0105\u017ceniu do tego, by oferowa\u0107 tylko najpi\u0119kniejsze i naj\u017cywotniejsze hortensje, firma K\u00f6tterheinrich sta\u0142a si\u0119 jednym z wiod\u0105cych niemieckich hodowc\u00f3w tych pi\u0119knych ro\u015blin. Wieloletnie do\u015bwiadczenie z ro\u015blinami hortensji oraz specjalnie do nich dostosowany proces produkcyjny gwarantuj\u0105 optymalne rezultaty.<\/p>\n<p>Kto szuka uznanych specjalist\u00f3w, kt\u00f3rzy do perfekcji opanowali wszystkie etapy hodowli i piel\u0119gnacji hortensji, znajdzie w firmie K\u00f6tterheinrich idealnego partnera. Dowiedz si\u0119 wi\u0119cej i przekonaj si\u0119 sam o jako\u015bci naszych produkt\u00f3w oraz us\u0142ug!<\/p>\n","protected":false},"excerpt":{"rendered":"<p>Hydrangea \u2013 czyli hortensje \u2013 to produkt zupe\u0142nie wyj\u0105tkowy. Dzi\u0119ki rado\u015bci czerpanej z kultywacji oraz sta\u0142emu d\u0105\u017ceniu do tego, by oferowa\u0107 tylko najpi\u0119kniejsze i naj\u017cywotniejsze hortensje, firma K\u00f6tterheinrich sta\u0142a si\u0119 jednym z wiod\u0105cych niemieckich hodowc\u00f3w tych pi\u0119knych ro\u015blin. Wieloletnie do\u015bwiadczenie z ro\u015blinami hortensji oraz specjalnie do nich dostosowany proces produkcyjny gwarantuj\u0105 optymalne rezultaty. Kto szuka [&hellip;]<\/p>\n","protected":false},"author":3,"featured_media":393,"parent":0,"menu_order":0,"comment_status":"closed","ping_status":"closed","template":"","meta":{"_et_pb_use_builder":"off","_et_pb_old_content":"Hydrangea \u2013 also Hortensien \u2013 sind ein ganz besonderes Produkt. Durch Freude an der Kultivierung und dem Bestreben, nur die sch\u00f6nsten und vitalsten Hortensien anzubieten, ist K\u00f6tterheinrich einer der f\u00fchrenden Hortensienbetriebe in Deutschland geworden. Jahrelange Erfahrung mit Hortensiengew\u00e4chsen und der speziell f\u00fcr sie zugeschnittene Produktionsablauf sorgen f\u00fcr ein optimales Ergebnis.\r\n\r\nWer ausgewiesene Spezialisten sucht, die alle Arbeitsschritte in Zucht, Aufzucht und Pflege von Hortensien beherrschen, findet in K\u00f6tterheinrich einen idealen Partner. Erfahren Sie mehr und \u00fcberzeugen Sie sich selbst von unseren Produkten und Leistungen!\r\n\r\n<a href=\"https:\/\/koetterheinrich.de\/sortenschau-2019\/\"><img class=\"wp-image-2376 size-full alignnone\" src=\"https:\/\/koetterheinrich.de\/wp-content\/uploads\/2018\/10\/Sortenschau_2019.jpg\" alt=\"\" width=\"236\" height=\"236\" \/><\/a>\u00a0 \u00a0 \u00a0 <img class=\"alignnone wp-image-2221 size-full\" src=\"https:\/\/koetterheinrich.de\/wp-content\/uploads\/2018\/01\/wir-machen-mit_button-1-e1540899281750.jpg\" alt=\"Wir machen mit - Wir bilden aus!\" width=\"224\" height=\"136\" \/>","_et_gb_content_width":""},"acf":[],"_links":{"self":[{"href":"https:\/\/koetterheinrich.de\/pl\/wp-json\/wp\/v2\/pages\/524"}],"collection":[{"href":"https:\/\/koetterheinrich.de\/pl\/wp-json\/wp\/v2\/pages"}],"about":[{"href":"https:\/\/koetterheinrich.de\/pl\/wp-json\/wp\/v2\/types\/page"}],"author":[{"embeddable":true,"href":"https:\/\/koetterheinrich.de\/pl\/wp-json\/wp\/v2\/users\/3"}],"replies":[{"embeddable":true,"href":"https:\/\/koetterheinrich.de\/pl\/wp-json\/wp\/v2\/comments?post=524"}],"version-history":[{"count":2,"href":"https:\/\/koetterheinrich.de\/pl\/wp-json\/wp\/v2\/pages\/524\/revisions"}],"predecessor-version":[{"id":5184,"href":"https:\/\/koetterheinrich.de\/pl\/wp-json\/wp\/v2\/pages\/524\/revisions\/5184"}],"wp:featuredmedia":[{"embeddable":true,"href":"https:\/\/koetterheinrich.de\/pl\/wp-json\/wp\/v2\/media\/393"}],"wp:attachment":[{"href":"https:\/\/koetterheinrich.de\/pl\/wp-json\/wp\/v2\/media?parent=524"}],"curies":[{"name":"wp","href":"https:\/\/api.w.org\/{rel}","templated":true}]}}