{"id":1095,"date":"2016-01-22T08:11:14","date_gmt":"2016-01-22T07:11:14","guid":{"rendered":"http:\/\/koetterheinrich.de\/pl\/?page_id=1095"},"modified":"2016-06-13T08:33:06","modified_gmt":"2016-06-13T06:33:06","slug":"wielkosc-technologia-i-jakosc","status":"publish","type":"page","link":"https:\/\/koetterheinrich.de\/pl\/wielkosc-technologia-i-jakosc\/","title":{"rendered":"Wielko\u015b\u0107, <br>technologia <br>i jako\u015b\u0107."},"content":{"rendered":"<p>Te trzy hasla trafnie opisuja firme K\u00f6tterheinrich. Wielkosc, kt\u00f3ra unaocznia wolumen produkcji wynoszacy ponad 9 milion\u00f3w hortensji rocznie. Nowoczesna technologia, kt\u00f3ra objawia sie obiektami szklarniowymi o powierzchni 40 000 metr\u00f3w kwadratowych i chlodniami o kubaturze 40 000 metr\u00f3w szesciennych.<\/p>\n<p>Do tego dochodzi jakosc we wszystkim, co robimy \u2013\u00a0 poczawszy od know-how naszych 45 pracownik\u00f3w\u00a0 poprzez najlepsze miejsca produkcji, a skonczywszy na naszym trzyhektarowym rezerwacie przyrody. Zawsze \u201enaturalnie tylko to, co najlepsze\u201c.<\/p>\n","protected":false},"excerpt":{"rendered":"<p>Te trzy hasla trafnie opisuja firme K\u00f6tterheinrich. Wielkosc, kt\u00f3ra unaocznia wolumen produkcji wynoszacy ponad 9 milion\u00f3w hortensji rocznie. Nowoczesna technologia, kt\u00f3ra objawia sie obiektami szklarniowymi o powierzchni 40 000 metr\u00f3w kwadratowych i chlodniami o kubaturze 40 000 metr\u00f3w szesciennych. Do tego dochodzi jakosc we wszystkim, co robimy \u2013\u00a0 poczawszy od know-how naszych 45 pracownik\u00f3w\u00a0 poprzez [&hellip;]<\/p>\n","protected":false},"author":3,"featured_media":114,"parent":0,"menu_order":0,"comment_status":"closed","ping_status":"closed","template":"","meta":{"_et_pb_use_builder":"off","_et_pb_old_content":"Diese drei Schlagworte kennzeichnen K\u00f6tterheinrich grundlegend. Gr\u00f6\u00dfe, die durch das Produktionsvolumen von \u00fcber 9 Millionen Hortensien pro Jahr sichtbar wird. Moderne Technologie, die sich bei der Betrachtung der Gew\u00e4chsh\u00e4user mit 40.000 Quadratmeter Fl\u00e4che und der K\u00fchlh\u00e4user mit 40.000 Kubikmeter Volumen zeigt.\r\n\r\nDar\u00fcber hinaus Qualit\u00e4t, bei allem was wir tun: Angefangen beim Know-how unserer 45 Mitarbeiter. Erm\u00f6glicht durch die besten Produktionsst\u00e4tten. Zu Ende gedacht durch unser 3 Hektar gro\u00dfes Naturschutzgebiet. Rundum \"Nat\u00fcrlich nur das Beste\".","_et_gb_content_width":""},"acf":[],"_links":{"self":[{"href":"https:\/\/koetterheinrich.de\/pl\/wp-json\/wp\/v2\/pages\/1095"}],"collection":[{"href":"https:\/\/koetterheinrich.de\/pl\/wp-json\/wp\/v2\/pages"}],"about":[{"href":"https:\/\/koetterheinrich.de\/pl\/wp-json\/wp\/v2\/types\/page"}],"author":[{"embeddable":true,"href":"https:\/\/koetterheinrich.de\/pl\/wp-json\/wp\/v2\/users\/3"}],"replies":[{"embeddable":true,"href":"https:\/\/koetterheinrich.de\/pl\/wp-json\/wp\/v2\/comments?post=1095"}],"version-history":[{"count":0,"href":"https:\/\/koetterheinrich.de\/pl\/wp-json\/wp\/v2\/pages\/1095\/revisions"}],"wp:featuredmedia":[{"embeddable":true,"href":"https:\/\/koetterheinrich.de\/pl\/wp-json\/wp\/v2\/media\/114"}],"wp:attachment":[{"href":"https:\/\/koetterheinrich.de\/pl\/wp-json\/wp\/v2\/media?parent=1095"}],"curies":[{"name":"wp","href":"https:\/\/api.w.org\/{rel}","templated":true}]}}