{"id":1085,"date":"2016-01-22T08:01:53","date_gmt":"2016-01-22T07:01:53","guid":{"rendered":"http:\/\/koetterheinrich.de\/pl\/?page_id=1085"},"modified":"2017-11-06T11:35:39","modified_gmt":"2017-11-06T10:35:39","slug":"contact","status":"publish","type":"page","link":"https:\/\/koetterheinrich.de\/pl\/contact\/","title":{"rendered":"CONTACT"},"content":{"rendered":"<p><strong>K\u00d6TTERHEINRICH &#8211; Hortensienkulturen<\/strong><br \/>\nHohner Mark 20<br \/>\nD-49525 Lengerich<br \/>\nGermany<\/p>\n<p>Telefon: +49 (0) 5481\/6954<br \/>\nTelefax +49 (0) 5481\/5343<\/p>\n<p><a href=\"mailto:info@koetterheinrich.de\">info@koetterheinrich.de<\/a><\/p>\n<p>Ogrodnicy-hobbisci proszeni sa o kontakt z lokalnymi sprzedawcami branzowymi.<\/p>\n<div role=\"form\" class=\"wpcf7\" id=\"wpcf7-f1087-o1\" lang=\"pl-PL\" dir=\"ltr\">\n<div class=\"screen-reader-response\"><p role=\"status\" aria-live=\"polite\" aria-atomic=\"true\"><\/p> <ul><\/ul><\/div>\n<form action=\"\/pl\/wp-json\/wp\/v2\/pages\/1085#wpcf7-f1087-o1\" method=\"post\" class=\"wpcf7-form init\" novalidate=\"novalidate\" data-status=\"init\">\n<div style=\"display: none;\">\n<input type=\"hidden\" name=\"_wpcf7\" value=\"1087\" \/>\n<input type=\"hidden\" name=\"_wpcf7_version\" value=\"5.6.4\" \/>\n<input type=\"hidden\" name=\"_wpcf7_locale\" value=\"pl_PL\" \/>\n<input type=\"hidden\" name=\"_wpcf7_unit_tag\" value=\"wpcf7-f1087-o1\" \/>\n<input type=\"hidden\" name=\"_wpcf7_container_post\" value=\"0\" \/>\n<input type=\"hidden\" name=\"_wpcf7_posted_data_hash\" value=\"\" \/>\n<\/div>\n<p>W celu wysy\u0142ki prosimy o wype\u0142nienie wszystkich p\u00f3l:\n<p>Imi\u0119<br \/>\n    <span class=\"wpcf7-form-control-wrap\" data-name=\"your-name\"><input type=\"text\" name=\"your-name\" value=\"\" size=\"40\" class=\"wpcf7-form-control wpcf7-text wpcf7-validates-as-required\" aria-required=\"true\" aria-invalid=\"false\" \/><\/span> <\/p>\n<p>Nazwisko<br \/>\n    <span class=\"wpcf7-form-control-wrap\" data-name=\"your-surname\"><input type=\"text\" name=\"your-surname\" value=\"\" size=\"40\" class=\"wpcf7-form-control wpcf7-text wpcf7-validates-as-required\" aria-required=\"true\" aria-invalid=\"false\" \/><\/span> <\/p>\n<p>Firma<br \/>\n    <span class=\"wpcf7-form-control-wrap\" data-name=\"your-company\"><input type=\"text\" name=\"your-company\" value=\"\" size=\"40\" class=\"wpcf7-form-control wpcf7-text wpcf7-validates-as-required\" aria-required=\"true\" aria-invalid=\"false\" \/><\/span> <\/p>\n<p>Ulica<br \/>\n    <span class=\"wpcf7-form-control-wrap\" data-name=\"your-street\"><input type=\"text\" name=\"your-street\" value=\"\" size=\"40\" class=\"wpcf7-form-control wpcf7-text wpcf7-validates-as-required\" aria-required=\"true\" aria-invalid=\"false\" \/><\/span> <\/p>\n<p>Miejscowo\u015b\u0107<br \/>\n    <span class=\"wpcf7-form-control-wrap\" data-name=\"your-city\"><input type=\"text\" name=\"your-city\" value=\"\" size=\"40\" class=\"wpcf7-form-control wpcf7-text wpcf7-validates-as-required\" aria-required=\"true\" aria-invalid=\"false\" \/><\/span> <\/p>\n<p>E-Mail<br \/>\n    <span class=\"wpcf7-form-control-wrap\" data-name=\"your-email\"><input type=\"email\" name=\"your-email\" value=\"\" size=\"40\" class=\"wpcf7-form-control wpcf7-text wpcf7-email wpcf7-validates-as-required wpcf7-validates-as-email\" aria-required=\"true\" aria-invalid=\"false\" \/><\/span> <\/p>\n<p>Wzgl\u0105d<br \/>\n    <span class=\"wpcf7-form-control-wrap\" data-name=\"your-subject\"><input type=\"text\" name=\"your-subject\" value=\"\" size=\"40\" class=\"wpcf7-form-control wpcf7-text wpcf7-validates-as-required\" aria-required=\"true\" aria-invalid=\"false\" \/><\/span> <\/p>\n<p>Wiadomo\u015b\u0107:<br \/>\n    <span class=\"wpcf7-form-control-wrap\" data-name=\"your-message\"><textarea name=\"your-message\" cols=\"40\" rows=\"10\" class=\"wpcf7-form-control wpcf7-textarea wpcf7-validates-as-required\" aria-required=\"true\" aria-invalid=\"false\"><\/textarea><\/span> <\/p>\n<p><span class=\"wpcf7-form-control-wrap\" data-name=\"checkbox-131\"><span class=\"wpcf7-form-control wpcf7-checkbox wpcf7-validates-as-required wpcf7-exclusive-checkbox\"><span class=\"wpcf7-list-item first last\"><label><input type=\"checkbox\" name=\"checkbox-131\" value=\"Niniejszym wyra\u017cam zgod\u0119, a\u017c do odwo\u0142ania, na wgl\u0105d przez pracownik\u00f3w firmy K\u00f6tterheinrich do moich danych, przekazywanych za po\u015brednictwem formularza kontaktowego oraz na korzystanie z nich zgodnie z moj\u0105 wol\u0105 wyra\u017con\u0105 w polu informacyjnym .\" \/><span class=\"wpcf7-list-item-label\">Niniejszym wyra\u017cam zgod\u0119, a\u017c do odwo\u0142ania, na wgl\u0105d przez pracownik\u00f3w firmy K\u00f6tterheinrich do moich danych, przekazywanych za po\u015brednictwem formularza kontaktowego oraz na korzystanie z nich zgodnie z moj\u0105 wol\u0105 wyra\u017con\u0105 w polu informacyjnym .<\/span><\/label><\/span><\/span><\/span><\/p>\n<p>Wszystkie informacje dotycz\u0105ce przetwarzania danych, zgodnie z art. 13 RODO, znajd\u0105 Pa\u0144stwo w <a href=\"https:\/\/koetterheinrich.de\/pl\/datenschutzerklaerung\/\" target=\"_blank\">ochronie  danych  osobowych<\/a><\/p>\n<p><input type=\"submit\" value=\"Wys\u0142a\u0107\" class=\"wpcf7-form-control has-spinner wpcf7-submit\" \/><\/p>\n<div class=\"wpcf7-response-output\" aria-hidden=\"true\"><\/div><\/form><\/div>\n","protected":false},"excerpt":{"rendered":"<p>K\u00d6TTERHEINRICH &#8211; Hortensienkulturen Hohner Mark 20 D-49525 Lengerich Germany Telefon: +49 (0) 5481\/6954 Telefax +49 (0) 5481\/5343 info@koetterheinrich.de Ogrodnicy-hobbisci proszeni sa o kontakt z lokalnymi sprzedawcami branzowymi.<\/p>\n","protected":false},"author":3,"featured_media":0,"parent":0,"menu_order":0,"comment_status":"closed","ping_status":"closed","template":"","meta":{"_et_pb_use_builder":"","_et_pb_old_content":"","_et_gb_content_width":""},"acf":[],"_links":{"self":[{"href":"https:\/\/koetterheinrich.de\/pl\/wp-json\/wp\/v2\/pages\/1085"}],"collection":[{"href":"https:\/\/koetterheinrich.de\/pl\/wp-json\/wp\/v2\/pages"}],"about":[{"href":"https:\/\/koetterheinrich.de\/pl\/wp-json\/wp\/v2\/types\/page"}],"author":[{"embeddable":true,"href":"https:\/\/koetterheinrich.de\/pl\/wp-json\/wp\/v2\/users\/3"}],"replies":[{"embeddable":true,"href":"https:\/\/koetterheinrich.de\/pl\/wp-json\/wp\/v2\/comments?post=1085"}],"version-history":[{"count":0,"href":"https:\/\/koetterheinrich.de\/pl\/wp-json\/wp\/v2\/pages\/1085\/revisions"}],"wp:attachment":[{"href":"https:\/\/koetterheinrich.de\/pl\/wp-json\/wp\/v2\/media?parent=1085"}],"curies":[{"name":"wp","href":"https:\/\/api.w.org\/{rel}","templated":true}]}}