{"id":542,"date":"2015-12-15T12:30:44","date_gmt":"2015-12-15T11:30:44","guid":{"rendered":"http:\/\/koetterheinrich.de\/een-plant-veel-factoren\/stecklinge\/?lang=nl"},"modified":"2019-03-21T08:31:38","modified_gmt":"2019-03-21T07:31:38","slug":"stekken","status":"publish","type":"page","link":"https:\/\/koetterheinrich.de\/nl\/hortensiaproducten\/stekken\/","title":{"rendered":"Het vitale <br>fundament van <br>prachtige hortensia&#8217;s"},"content":{"rendered":"<p>[et_pb_section fb_built=&#8221;1&#8243; _builder_version=&#8221;3.0.47&#8243;][et_pb_row _builder_version=&#8221;3.21&#8243; background_size=&#8221;initial&#8221; background_position=&#8221;top_left&#8221; background_repeat=&#8221;repeat&#8221; module_class_2=&#8221;add-margin-padding&#8221;][et_pb_column type=&#8221;1_4&#8243; _builder_version=&#8221;3.0.47&#8243;][et_pb_sidebar area=&#8221;sidebar-1&#8243; show_border=&#8221;off&#8221; _builder_version=&#8221;3.17.6&#8243; text_orientation=&#8221;center&#8221;][\/et_pb_sidebar][\/et_pb_column][et_pb_column type=&#8221;1_2&#8243; _builder_version=&#8221;3.0.47&#8243;][et_pb_post_title meta=&#8221;off&#8221; featured_image=&#8221;off&#8221; text_color=&#8221;light&#8221; _builder_version=&#8221;3.17.6&#8243; title_font=&#8221;|||on|||||&#8221; title_font_size=&#8221;40px&#8221;][\/et_pb_post_title][et_pb_text _builder_version=&#8221;3.0.74&#8243; background_size=&#8221;initial&#8221; background_position=&#8221;top_left&#8221; background_repeat=&#8221;repeat&#8221;]In de periode van maart tot juli kunt u uit ons aanbod stekken naar keuze bestellen. Deze stammen allemaal van eigen moederplanten en worden gekenmerkt door hun vitaliteit, homogene groei en uniforme grootte.<\/p>\n<p>Zo wordt al vroeg een fundament voor de teelt van hoogwaardige hortensia\u2019s gelegd.<br \/>\n[\/et_pb_text][et_pb_gallery gallery_ids=&#8221;485,486&#8243; posts_number=&#8221;2&#8243; show_title_and_caption=&#8221;off&#8221; show_pagination=&#8221;off&#8221; zoom_icon_color=&#8221;#000000&#8243; _builder_version=&#8221;3.17.6&#8243;][\/et_pb_gallery][\/et_pb_column][et_pb_column type=&#8221;1_4&#8243; _builder_version=&#8221;3.0.47&#8243;][\/et_pb_column][\/et_pb_row][\/et_pb_section]<\/p>\n","protected":false},"excerpt":{"rendered":"<p>In de periode van maart tot juli kunt u uit ons aanbod stekken naar keuze bestellen. Deze stammen allemaal van eigen moederplanten en worden gekenmerkt door hun vitaliteit, homogene groei en uniforme grootte. Zo wordt al vroeg een fundament voor de teelt van hoogwaardige hortensia\u2019s gelegd.<\/p>\n","protected":false},"author":3,"featured_media":117,"parent":526,"menu_order":0,"comment_status":"closed","ping_status":"closed","template":"","meta":{"_et_pb_use_builder":"on","_et_pb_old_content":"<p>In der Zeit von M\u00e4rz bis Juli k\u00f6nnen Sie aus unserem Sortiment Stecklinge Ihrer Wahl bestellen. Diese stammen allesamt von eigenen Mutterpflanzen und zeichnen sich durch ihre Vitalit\u00e4t, Homogenit\u00e4t im Anwachsen und ihren gleichm\u00e4\u00dfigen Schnitt aus.<\/p><p>So wird fr\u00fch ein Grundstein f\u00fcr die Aufzucht hochqualitativer Hortensienkulturen gesetzt.<\/p>","_et_gb_content_width":""},"acf":[],"_links":{"self":[{"href":"https:\/\/koetterheinrich.de\/nl\/wp-json\/wp\/v2\/pages\/542"}],"collection":[{"href":"https:\/\/koetterheinrich.de\/nl\/wp-json\/wp\/v2\/pages"}],"about":[{"href":"https:\/\/koetterheinrich.de\/nl\/wp-json\/wp\/v2\/types\/page"}],"author":[{"embeddable":true,"href":"https:\/\/koetterheinrich.de\/nl\/wp-json\/wp\/v2\/users\/3"}],"replies":[{"embeddable":true,"href":"https:\/\/koetterheinrich.de\/nl\/wp-json\/wp\/v2\/comments?post=542"}],"version-history":[{"count":6,"href":"https:\/\/koetterheinrich.de\/nl\/wp-json\/wp\/v2\/pages\/542\/revisions"}],"predecessor-version":[{"id":5260,"href":"https:\/\/koetterheinrich.de\/nl\/wp-json\/wp\/v2\/pages\/542\/revisions\/5260"}],"up":[{"embeddable":true,"href":"https:\/\/koetterheinrich.de\/nl\/wp-json\/wp\/v2\/pages\/526"}],"wp:featuredmedia":[{"embeddable":true,"href":"https:\/\/koetterheinrich.de\/nl\/wp-json\/wp\/v2\/media\/117"}],"wp:attachment":[{"href":"https:\/\/koetterheinrich.de\/nl\/wp-json\/wp\/v2\/media?parent=542"}],"curies":[{"name":"wp","href":"https:\/\/api.w.org\/{rel}","templated":true}]}}