{"id":526,"date":"2016-01-20T10:21:18","date_gmt":"2016-01-20T09:21:18","guid":{"rendered":"http:\/\/koetterheinrich.de\/?page_id=526&#038;lang=nl"},"modified":"2016-01-21T10:24:45","modified_gmt":"2016-01-21T09:24:45","slug":"hortensiaproducten","status":"publish","type":"page","link":"https:\/\/koetterheinrich.de\/nl\/hortensiaproducten\/","title":{"rendered":"Een plant, <br>veel factoren"},"content":{"rendered":"<p>In de cultivering van prachtige en vitale hortensia\u00b4s spelen vele factoren een rol. Een beslissende factor zijn de eigenschappen die de planten bij de kweek meekrijgen. Om alleen de beste soorten in ons programma op te nemen, is K\u00f6tterheinrich lid van de Hydrangean Breeders Association (HBA) en heeft ook soorten van andere kwekers in het assortiment. Bij het kweken en verzorgen van deze uitgekozen soorten moeten de omstandigheden ter plaatse ideaal zijn om gelijkblijvende cultuurstandaards mogelijk te maken. Verder speelt ook de professionele behandeling door vakkundige medewerkers een beslissende rol.<\/p>\n<p>Beleven laat zich het resultaat van onze bewuste en doordachte teelt het beste door onze producten zelf. Deze worden in drie ontwikkelingsstadiums aangeboden, die allemaal door hun kracht en homogene kwaliteit overtuigen:<\/p>\n","protected":false},"excerpt":{"rendered":"<p>In de cultivering van prachtige en vitale hortensia\u00b4s spelen vele factoren een rol. Een beslissende factor zijn de eigenschappen die de planten bij de kweek meekrijgen. Om alleen de beste soorten in ons programma op te nemen, is K\u00f6tterheinrich lid van de Hydrangean Breeders Association (HBA) en heeft ook soorten van andere kwekers in het [&hellip;]<\/p>\n","protected":false},"author":3,"featured_media":325,"parent":0,"menu_order":0,"comment_status":"closed","ping_status":"closed","template":"","meta":{"_et_pb_use_builder":"off","_et_pb_old_content":"In der Kultivierung von prachtvollen und vitalen Hortensien spielen viele Faktoren eine Rolle. Ein entscheidender Faktor sind die Anlagen, welche der Pflanze durch die Z\u00fcchtung mitgegeben werden. Um nur die besten Sorten ins unser Programm aufzunehmen, ist K\u00f6tterheinrich Mitglied der Hydrangean Breeders Association (HBA) und hat dar\u00fcber hinaus Sorten weiterer Z\u00fcchter im Sortiment. In der Aufzucht und Pflege dieser ausgew\u00e4hlten Sorten sind dann ideale Standortfaktoren unerl\u00e4sslich, um gleichbleibende Kulturstandards zu erm\u00f6glichen. Weiterhin ist die professionelle Handhabung durch fachkundige Mitarbeiter von entscheidender Bedeutung.\r\n\r\nErleben l\u00e4sst sich das Ergebnis unserer bewussten und durchdachten Kultivierung am einfachsten anhand unserer Produkte selbst. Diese werden in drei Entwicklungsstadien angeboten, die allesamt durch ihre Robustheit und homogene Qualit\u00e4t \u00fcberzeugen:","_et_gb_content_width":""},"acf":[],"_links":{"self":[{"href":"https:\/\/koetterheinrich.de\/nl\/wp-json\/wp\/v2\/pages\/526"}],"collection":[{"href":"https:\/\/koetterheinrich.de\/nl\/wp-json\/wp\/v2\/pages"}],"about":[{"href":"https:\/\/koetterheinrich.de\/nl\/wp-json\/wp\/v2\/types\/page"}],"author":[{"embeddable":true,"href":"https:\/\/koetterheinrich.de\/nl\/wp-json\/wp\/v2\/users\/3"}],"replies":[{"embeddable":true,"href":"https:\/\/koetterheinrich.de\/nl\/wp-json\/wp\/v2\/comments?post=526"}],"version-history":[{"count":0,"href":"https:\/\/koetterheinrich.de\/nl\/wp-json\/wp\/v2\/pages\/526\/revisions"}],"wp:featuredmedia":[{"embeddable":true,"href":"https:\/\/koetterheinrich.de\/nl\/wp-json\/wp\/v2\/media\/325"}],"wp:attachment":[{"href":"https:\/\/koetterheinrich.de\/nl\/wp-json\/wp\/v2\/media?parent=526"}],"curies":[{"name":"wp","href":"https:\/\/api.w.org\/{rel}","templated":true}]}}