{"id":518,"date":"2016-01-20T09:49:59","date_gmt":"2016-01-20T08:49:59","guid":{"rendered":"http:\/\/koetterheinrich.de\/?page_id=518&#038;lang=nl"},"modified":"2019-03-04T10:51:14","modified_gmt":"2019-03-04T09:51:14","slug":"natuurlijk-alleen-het-beste","status":"publish","type":"page","link":"https:\/\/koetterheinrich.de\/nl\/","title":{"rendered":"Natuurlijk<br> alleen het<br> beste"},"content":{"rendered":"<p>Hydrangea \u2013 dus hortensia&#8217;s \u2013 zijn een heel bijzonder product. Door ons plezier aan de cultivering en het streven om alleen de mooiste en vitaalste hortensia&#8217;s aan te bieden, is K\u00f6tterheinrich een van de toonaangevende hortensiabedrijven in Duitsland geworden. Jarenlange ervaring met hortensiaplanten en het speciaal voor hun op maat gemaakte productieproces zorgen voor een optimaal resultaat.<\/p>\n<p>Wie een specialist zoekt die alle stappen van de teelt, kweek en zorg van hortensia&#8217;s beheerst, vindt in K\u00f6tterheinrich een ideale partner. Ontdek meer en laat u door onze producten en prestaties overtuigen!<\/p>\n","protected":false},"excerpt":{"rendered":"<p>Hydrangea \u2013 dus hortensia&#8217;s \u2013 zijn een heel bijzonder product. Door ons plezier aan de cultivering en het streven om alleen de mooiste en vitaalste hortensia&#8217;s aan te bieden, is K\u00f6tterheinrich een van de toonaangevende hortensiabedrijven in Duitsland geworden. Jarenlange ervaring met hortensiaplanten en het speciaal voor hun op maat gemaakte productieproces zorgen voor een [&hellip;]<\/p>\n","protected":false},"author":3,"featured_media":393,"parent":0,"menu_order":0,"comment_status":"closed","ping_status":"closed","template":"","meta":{"_et_pb_use_builder":"off","_et_pb_old_content":"Hydrangea \u2013 also Hortensien \u2013 sind ein ganz besonderes Produkt. Durch Freude an der Kultivierung und dem Bestreben, nur die sch\u00f6nsten und vitalsten Hortensien anzubieten, ist K\u00f6tterheinrich einer der f\u00fchrenden Hortensienbetriebe in Deutschland geworden. Jahrelange Erfahrung mit Hortensiengew\u00e4chsen und der speziell f\u00fcr sie zugeschnittene Produktionsablauf sorgen f\u00fcr ein optimales Ergebnis.\r\n\r\nWer ausgewiesene Spezialisten sucht, die alle Arbeitsschritte in Zucht, Aufzucht und Pflege von Hortensien beherrschen, findet in K\u00f6tterheinrich einen idealen Partner. Erfahren Sie mehr und \u00fcberzeugen Sie sich selbst von unseren Produkten und Leistungen!\r\n\r\n<a href=\"https:\/\/koetterheinrich.de\/sortenschau-2019\/\"><img class=\"wp-image-2376 size-full alignnone\" src=\"https:\/\/koetterheinrich.de\/wp-content\/uploads\/2018\/10\/Sortenschau_2019.jpg\" alt=\"\" width=\"236\" height=\"236\" \/><\/a>\u00a0 \u00a0 \u00a0 <img class=\"alignnone wp-image-2221 size-full\" src=\"https:\/\/koetterheinrich.de\/wp-content\/uploads\/2018\/01\/wir-machen-mit_button-1-e1540899281750.jpg\" alt=\"Wir machen mit - Wir bilden aus!\" width=\"224\" height=\"136\" \/>","_et_gb_content_width":""},"acf":[],"_links":{"self":[{"href":"https:\/\/koetterheinrich.de\/nl\/wp-json\/wp\/v2\/pages\/518"}],"collection":[{"href":"https:\/\/koetterheinrich.de\/nl\/wp-json\/wp\/v2\/pages"}],"about":[{"href":"https:\/\/koetterheinrich.de\/nl\/wp-json\/wp\/v2\/types\/page"}],"author":[{"embeddable":true,"href":"https:\/\/koetterheinrich.de\/nl\/wp-json\/wp\/v2\/users\/3"}],"replies":[{"embeddable":true,"href":"https:\/\/koetterheinrich.de\/nl\/wp-json\/wp\/v2\/comments?post=518"}],"version-history":[{"count":3,"href":"https:\/\/koetterheinrich.de\/nl\/wp-json\/wp\/v2\/pages\/518\/revisions"}],"predecessor-version":[{"id":5181,"href":"https:\/\/koetterheinrich.de\/nl\/wp-json\/wp\/v2\/pages\/518\/revisions\/5181"}],"wp:featuredmedia":[{"embeddable":true,"href":"https:\/\/koetterheinrich.de\/nl\/wp-json\/wp\/v2\/media\/393"}],"wp:attachment":[{"href":"https:\/\/koetterheinrich.de\/nl\/wp-json\/wp\/v2\/media?parent=518"}],"curies":[{"name":"wp","href":"https:\/\/api.w.org\/{rel}","templated":true}]}}