{"id":1089,"date":"2016-01-22T08:07:42","date_gmt":"2016-01-22T07:07:42","guid":{"rendered":"http:\/\/koetterheinrich.de\/nl\/?page_id=1089"},"modified":"2016-06-13T08:31:00","modified_gmt":"2016-06-13T06:31:00","slug":"grootte-technologie-en-kwaliteit","status":"publish","type":"page","link":"https:\/\/koetterheinrich.de\/nl\/grootte-technologie-en-kwaliteit\/","title":{"rendered":"Grootte, <br>technologie <br>en kwaliteit."},"content":{"rendered":"<p>Deze drie begrippen kenmerken K\u00f6tterheinrich in zijn geheel. Grootte, die blijkt uit het productievolume van meer dan 9 miljoen hortensia&#8217;s per jaar. Moderne technologie, die zich toont in de kassen met een oppervlak van 40.000 vierkante meter en de koelhuizen met een volume van 40.000 kubieke meter.<\/p>\n<p>En verder de kwaliteit, die zichtbaar is bij alles wat wij doen: Bijvoorbeeld in de knowhow van onze 45 medewerkers. Alles wordt mogelijk gemaakt door de beste productie-installaties. En vervolmaakt door het beschermde natuurgebied van 3 hectare dat ons omringt. Rondom &#8220;natuurlijk alleen het beste&#8221;.<\/p>\n","protected":false},"excerpt":{"rendered":"<p>Deze drie begrippen kenmerken K\u00f6tterheinrich in zijn geheel. Grootte, die blijkt uit het productievolume van meer dan 9 miljoen hortensia&#8217;s per jaar. Moderne technologie, die zich toont in de kassen met een oppervlak van 40.000 vierkante meter en de koelhuizen met een volume van 40.000 kubieke meter. En verder de kwaliteit, die zichtbaar is bij [&hellip;]<\/p>\n","protected":false},"author":3,"featured_media":114,"parent":0,"menu_order":0,"comment_status":"closed","ping_status":"closed","template":"","meta":{"_et_pb_use_builder":"off","_et_pb_old_content":"Diese drei Schlagworte kennzeichnen K\u00f6tterheinrich grundlegend. Gr\u00f6\u00dfe, die durch das Produktionsvolumen von \u00fcber 9 Millionen Hortensien pro Jahr sichtbar wird. Moderne Technologie, die sich bei der Betrachtung der Gew\u00e4chsh\u00e4user mit 40.000 Quadratmeter Fl\u00e4che und der K\u00fchlh\u00e4user mit 40.000 Kubikmeter Volumen zeigt.\r\n\r\nDar\u00fcber hinaus Qualit\u00e4t, bei allem was wir tun: Angefangen beim Know-how unserer 45 Mitarbeiter. Erm\u00f6glicht durch die besten Produktionsst\u00e4tten. Zu Ende gedacht durch unser 3 Hektar gro\u00dfes Naturschutzgebiet. Rundum \"Nat\u00fcrlich nur das Beste\".","_et_gb_content_width":""},"acf":[],"_links":{"self":[{"href":"https:\/\/koetterheinrich.de\/nl\/wp-json\/wp\/v2\/pages\/1089"}],"collection":[{"href":"https:\/\/koetterheinrich.de\/nl\/wp-json\/wp\/v2\/pages"}],"about":[{"href":"https:\/\/koetterheinrich.de\/nl\/wp-json\/wp\/v2\/types\/page"}],"author":[{"embeddable":true,"href":"https:\/\/koetterheinrich.de\/nl\/wp-json\/wp\/v2\/users\/3"}],"replies":[{"embeddable":true,"href":"https:\/\/koetterheinrich.de\/nl\/wp-json\/wp\/v2\/comments?post=1089"}],"version-history":[{"count":0,"href":"https:\/\/koetterheinrich.de\/nl\/wp-json\/wp\/v2\/pages\/1089\/revisions"}],"wp:featuredmedia":[{"embeddable":true,"href":"https:\/\/koetterheinrich.de\/nl\/wp-json\/wp\/v2\/media\/114"}],"wp:attachment":[{"href":"https:\/\/koetterheinrich.de\/nl\/wp-json\/wp\/v2\/media?parent=1089"}],"curies":[{"name":"wp","href":"https:\/\/api.w.org\/{rel}","templated":true}]}}