{"id":531,"date":"2016-01-20T10:25:22","date_gmt":"2016-01-20T09:25:22","guid":{"rendered":"http:\/\/koetterheinrich.de\/?page_id=531&#038;lang=it"},"modified":"2016-01-26T10:06:01","modified_gmt":"2016-01-26T09:06:01","slug":"produzione-dortensia","status":"publish","type":"page","link":"https:\/\/koetterheinrich.de\/it\/produzione-dortensia\/","title":{"rendered":"Una pianta, <br>molti fattori"},"content":{"rendered":"<p>Molti sono i fattori che giocano un ruolo nella coltivazione di ortensie rigogliose e vitali. Un fattore decisivo sono le caratteristiche che vengono selezionate durante la coltivazione della pianta. Per poter inserire nel programma solo le variet\u00e0 migliori, K\u00f6tterheinrich \u00e8 membro della Hydrangean Breeders Association (HBA) ed ha inserito nel proprio assortimento anche variet\u00e0 di altri coltivatori. Per la coltivazione e la cura di queste variet\u00e0 scelte \u00e8 basilare il fattore ubicazione per poter raggiungere uno standard di coltivazione omogeneo. Inoltre \u00e8 di fondamentale importanza la competenza professionale dei nostri esperti collaboratori.<\/p>\n<p>Il risultato della nostra coltivazione consapevole e programmata \u00e8 facilmente verificabile attraverso i nostri stessi prodotti. Questi vengono offerti in tre diversi stadi di sviluppo, tutti convincenti per la loro robustezza e qualit\u00e0 omogenea:<\/p>\n","protected":false},"excerpt":{"rendered":"<p>Molti sono i fattori che giocano un ruolo nella coltivazione di ortensie rigogliose e vitali. Un fattore decisivo sono le caratteristiche che vengono selezionate durante la coltivazione della pianta. Per poter inserire nel programma solo le variet\u00e0 migliori, K\u00f6tterheinrich \u00e8 membro della Hydrangean Breeders Association (HBA) ed ha inserito nel proprio assortimento anche variet\u00e0 di [&hellip;]<\/p>\n","protected":false},"author":3,"featured_media":325,"parent":0,"menu_order":0,"comment_status":"closed","ping_status":"closed","template":"","meta":{"_et_pb_use_builder":"off","_et_pb_old_content":"In der Kultivierung von prachtvollen und vitalen Hortensien spielen viele Faktoren eine Rolle. Ein entscheidender Faktor sind die Anlagen, welche der Pflanze durch die Z\u00fcchtung mitgegeben werden. Um nur die besten Sorten ins unser Programm aufzunehmen, ist K\u00f6tterheinrich Mitglied der Hydrangean Breeders Association (HBA) und hat dar\u00fcber hinaus Sorten weiterer Z\u00fcchter im Sortiment. In der Aufzucht und Pflege dieser ausgew\u00e4hlten Sorten sind dann ideale Standortfaktoren unerl\u00e4sslich, um gleichbleibende Kulturstandards zu erm\u00f6glichen. Weiterhin ist die professionelle Handhabung durch fachkundige Mitarbeiter von entscheidender Bedeutung.\r\n\r\nErleben l\u00e4sst sich das Ergebnis unserer bewussten und durchdachten Kultivierung am einfachsten anhand unserer Produkte selbst. Diese werden in drei Entwicklungsstadien angeboten, die allesamt durch ihre Robustheit und homogene Qualit\u00e4t \u00fcberzeugen:","_et_gb_content_width":""},"acf":[],"_links":{"self":[{"href":"https:\/\/koetterheinrich.de\/it\/wp-json\/wp\/v2\/pages\/531"}],"collection":[{"href":"https:\/\/koetterheinrich.de\/it\/wp-json\/wp\/v2\/pages"}],"about":[{"href":"https:\/\/koetterheinrich.de\/it\/wp-json\/wp\/v2\/types\/page"}],"author":[{"embeddable":true,"href":"https:\/\/koetterheinrich.de\/it\/wp-json\/wp\/v2\/users\/3"}],"replies":[{"embeddable":true,"href":"https:\/\/koetterheinrich.de\/it\/wp-json\/wp\/v2\/comments?post=531"}],"version-history":[{"count":0,"href":"https:\/\/koetterheinrich.de\/it\/wp-json\/wp\/v2\/pages\/531\/revisions"}],"wp:featuredmedia":[{"embeddable":true,"href":"https:\/\/koetterheinrich.de\/it\/wp-json\/wp\/v2\/media\/325"}],"wp:attachment":[{"href":"https:\/\/koetterheinrich.de\/it\/wp-json\/wp\/v2\/media?parent=531"}],"curies":[{"name":"wp","href":"https:\/\/api.w.org\/{rel}","templated":true}]}}