{"id":522,"date":"2015-11-30T10:56:03","date_gmt":"2015-11-30T09:56:03","guid":{"rendered":"http:\/\/koetterheinrich.de\/beispiel-seite\/?lang=it"},"modified":"2019-03-04T10:51:55","modified_gmt":"2019-03-04T09:51:55","slug":"beispiel-seite","status":"publish","type":"page","link":"https:\/\/koetterheinrich.de\/it\/","title":{"rendered":"Naturalmente <br>solo il <br> meglio."},"content":{"rendered":"<p>L&#8217;Hydrangea \u2013 l&#8217;ortensia \u2013 \u00e8 un prodotto molto particolare. Grazie al piacere di coltivare e all&#8217;ambizione di offrire solo le ortensie pi\u00f9 belle e vitali, K\u00f6tterheinrich \u00e8 diventata una delle aziende produttrici di ortensie leader in Germania. La pluriennale esperienza acquista con le piante di ortensia e il loro specifico ciclo produttivo porta a risultati ottimali.<\/p>\n<p>Coloro che cercano uno specialista accreditato che conosce tutte le fasi produttive di crescita, coltivazione e cura, troveranno nell&#8217;azienda K\u00f6tterheinrich un partner ideale. Scoprite di pi\u00f9 e convincetevi da soli dei nostri prodotti e capacit\u00e0!<\/p>\n","protected":false},"excerpt":{"rendered":"<p>L&#8217;Hydrangea \u2013 l&#8217;ortensia \u2013 \u00e8 un prodotto molto particolare. Grazie al piacere di coltivare e all&#8217;ambizione di offrire solo le ortensie pi\u00f9 belle e vitali, K\u00f6tterheinrich \u00e8 diventata una delle aziende produttrici di ortensie leader in Germania. La pluriennale esperienza acquista con le piante di ortensia e il loro specifico ciclo produttivo porta a risultati [&hellip;]<\/p>\n","protected":false},"author":3,"featured_media":393,"parent":0,"menu_order":0,"comment_status":"closed","ping_status":"closed","template":"","meta":{"_et_pb_use_builder":"off","_et_pb_old_content":"Hydrangea \u2013 also Hortensien \u2013 sind ein ganz besonderes Produkt. Durch Freude an der Kultivierung und dem Bestreben, nur die sch\u00f6nsten und vitalsten Hortensien anzubieten, ist K\u00f6tterheinrich einer der f\u00fchrenden Hortensienbetriebe in Deutschland geworden. Jahrelange Erfahrung mit Hortensiengew\u00e4chsen und der speziell f\u00fcr sie zugeschnittene Produktionsablauf sorgen f\u00fcr ein optimales Ergebnis.\r\n\r\nWer ausgewiesene Spezialisten sucht, die alle Arbeitsschritte in Zucht, Aufzucht und Pflege von Hortensien beherrschen, findet in K\u00f6tterheinrich einen idealen Partner. Erfahren Sie mehr und \u00fcberzeugen Sie sich selbst von unseren Produkten und Leistungen!\r\n\r\n<a href=\"https:\/\/koetterheinrich.de\/sortenschau-2019\/\"><img class=\"wp-image-2376 size-full alignnone\" src=\"https:\/\/koetterheinrich.de\/wp-content\/uploads\/2018\/10\/Sortenschau_2019.jpg\" alt=\"\" width=\"236\" height=\"236\" \/><\/a>\u00a0 \u00a0 \u00a0 <img class=\"alignnone wp-image-2221 size-full\" src=\"https:\/\/koetterheinrich.de\/wp-content\/uploads\/2018\/01\/wir-machen-mit_button-1-e1540899281750.jpg\" alt=\"Wir machen mit - Wir bilden aus!\" width=\"224\" height=\"136\" \/>","_et_gb_content_width":""},"acf":[],"_links":{"self":[{"href":"https:\/\/koetterheinrich.de\/it\/wp-json\/wp\/v2\/pages\/522"}],"collection":[{"href":"https:\/\/koetterheinrich.de\/it\/wp-json\/wp\/v2\/pages"}],"about":[{"href":"https:\/\/koetterheinrich.de\/it\/wp-json\/wp\/v2\/types\/page"}],"author":[{"embeddable":true,"href":"https:\/\/koetterheinrich.de\/it\/wp-json\/wp\/v2\/users\/3"}],"replies":[{"embeddable":true,"href":"https:\/\/koetterheinrich.de\/it\/wp-json\/wp\/v2\/comments?post=522"}],"version-history":[{"count":2,"href":"https:\/\/koetterheinrich.de\/it\/wp-json\/wp\/v2\/pages\/522\/revisions"}],"predecessor-version":[{"id":5183,"href":"https:\/\/koetterheinrich.de\/it\/wp-json\/wp\/v2\/pages\/522\/revisions\/5183"}],"wp:featuredmedia":[{"embeddable":true,"href":"https:\/\/koetterheinrich.de\/it\/wp-json\/wp\/v2\/media\/393"}],"wp:attachment":[{"href":"https:\/\/koetterheinrich.de\/it\/wp-json\/wp\/v2\/media?parent=522"}],"curies":[{"name":"wp","href":"https:\/\/api.w.org\/{rel}","templated":true}]}}