{"id":4630,"date":"2018-11-30T13:02:33","date_gmt":"2018-11-30T12:02:33","guid":{"rendered":"http:\/\/koetterheinrich.de\/bellezza-in-tante-nuance-di-colore\/besonderheiten\/"},"modified":"2024-01-17T11:53:22","modified_gmt":"2024-01-17T10:53:22","slug":"caratteristiche-speciali","status":"publish","type":"page","link":"https:\/\/koetterheinrich.de\/it\/bellezza-in-tante-nuance-di-colore\/caratteristiche-speciali\/","title":{"rendered":"Tabletensia<br\/>invita a tavola"},"content":{"rendered":"<p>[et_pb_section fb_built=&#8221;1&#8243; _builder_version=&#8221;4.18.0&#8243; background_image=&#8221;https:\/\/koetterheinrich.de\/wp-content\/uploads\/2024\/01\/header-tablensia-purple-Tisch-1-scaled.jpg&#8221; custom_margin=&#8221;||&#8221; custom_padding=&#8221;||160px&#8221; locked=&#8221;off&#8221; global_colors_info=&#8221;{}&#8221;][et_pb_row column_structure=&#8221;1_4,1_2,1_4&#8243; _builder_version=&#8221;4.16&#8243; background_size=&#8221;initial&#8221; background_position=&#8221;top_left&#8221; background_repeat=&#8221;repeat&#8221; global_colors_info=&#8221;{}&#8221;][et_pb_column type=&#8221;1_4&#8243; _builder_version=&#8221;4.16&#8243; custom_padding=&#8221;|||&#8221; global_colors_info=&#8221;{}&#8221; custom_padding__hover=&#8221;|||&#8221;][et_pb_sidebar area=&#8221;sidebar-1&#8243; show_border=&#8221;off&#8221; _builder_version=&#8221;4.16&#8243; text_orientation=&#8221;center&#8221; global_colors_info=&#8221;{}&#8221;][\/et_pb_sidebar][\/et_pb_column][et_pb_column type=&#8221;1_2&#8243; _builder_version=&#8221;4.16&#8243; custom_padding=&#8221;|||&#8221; global_colors_info=&#8221;{}&#8221; custom_padding__hover=&#8221;|||&#8221;][et_pb_post_title meta=&#8221;off&#8221; featured_image=&#8221;off&#8221; text_color=&#8221;light&#8221; _builder_version=&#8221;4.16&#8243; title_font=&#8221;|||on|||||&#8221; title_font_size=&#8221;40px&#8221; global_colors_info=&#8221;{}&#8221;][\/et_pb_post_title][et_pb_text _builder_version=&#8221;4.16&#8243; custom_css_after=&#8221;content: &#8216;;&#8217;;||position: absolute;||bottom: -100px;||left: 50%;||transform: translateX(-50%);||font-family: ETmodules!important;||font-weight: 400;||font-size: 60px;||clear: both;&#8221; global_colors_info=&#8221;{}&#8221;]Una vera novit\u00e0 tra le ortensie e una particolarit\u00e0 di K\u00f6tterheinrich: la straordinaria Tabletensia. L\u2019ampia ramificazione e la sua ricca fioritura, che le donano l\u2019aspetto di un mazzo di fiori, saltano subito all\u2019occhio.<\/p>\n<p>Per via della sua crescita compatta, la Tabletensia \u00e8 pi\u00f9 piccola delle ortensie classiche; la sua forma particolarmente piatta la rende una decorazione di fantasia per ogni tavolo. <\/p>\n<p>I suoi fiori rosa e porpora si conservano fino all\u2019autunno. Per le due varianti di colore forniamo etichette adeguate.[\/et_pb_text][\/et_pb_column][et_pb_column type=&#8221;1_4&#8243; _builder_version=&#8221;4.16&#8243; custom_padding=&#8221;|||&#8221; global_colors_info=&#8221;{}&#8221; custom_padding__hover=&#8221;|||&#8221;][\/et_pb_column][\/et_pb_row][\/et_pb_section][et_pb_section fb_built=&#8221;1&#8243; module_class=&#8221;tabletensia&#8221; _builder_version=&#8221;4.16&#8243; locked=&#8221;off&#8221; global_colors_info=&#8221;{}&#8221;][et_pb_row column_structure=&#8221;1_2,1_2&#8243; _builder_version=&#8221;4.18.0&#8243; width=&#8221;100%&#8221; max_width=&#8221;100%&#8221; use_custom_width=&#8221;on&#8221; width_unit=&#8221;off&#8221; custom_width_percent=&#8221;100%&#8221; global_colors_info=&#8221;{}&#8221;][et_pb_column type=&#8221;1_2&#8243; _builder_version=&#8221;4.18.0&#8243; background_image=&#8221;https:\/\/koetterheinrich.de\/wp-content\/uploads\/2023\/01\/Tabletensia\u00ae-Lila-Bildquelle-Ko\u0308tterheinrich-G.jpg&#8221; custom_padding=&#8221;160px|80px|160px|&#8221; custom_padding_tablet=&#8221;|0px||&#8221; custom_padding_phone=&#8221;|0px||&#8221; custom_padding_last_edited=&#8221;on|tablet&#8221; global_colors_info=&#8221;{}&#8221; padding_tablet=&#8221;|0px||&#8221; padding_last_edited=&#8221;on|tablet&#8221; custom_padding__hover=&#8221;|||&#8221; padding_phone=&#8221;|0px||&#8221;][et_pb_image src=&#8221;https:\/\/koetterheinrich.de\/wp-content\/uploads\/2023\/01\/Tabletensia_Logo_final_blau-1.jpg&#8221; title_text=&#8221;Tabletensia_Logo_final_blau-1&#8243; url=&#8221;https:\/\/koetterheinrich.de\/it\/hydrangea\/tabletensia-purple\/&#8221; use_overlay=&#8221;on&#8221; overlay_icon_color=&#8221;#000000&#8243; hover_overlay_color=&#8221;rgba(255,255,255,0.8)&#8221; hover_icon=&#8221;&#xe060;||divi||400&#8243; align=&#8221;right&#8221; align_tablet=&#8221;center&#8221; align_phone=&#8221;center&#8221; align_last_edited=&#8221;on|desktop&#8221; _builder_version=&#8221;4.18.0&#8243; global_colors_info=&#8221;{}&#8221;][\/et_pb_image][et_pb_button button_url=&#8221;https:\/\/koetterheinrich.de\/it\/hydrangea\/tabletensia-purple\/&#8221; button_text=&#8221;al prodotto&#8221; button_alignment=&#8221;right&#8221; disabled_on=&#8221;on|on|off&#8221; _builder_version=&#8221;4.16&#8243; custom_button=&#8221;on&#8221; button_text_color=&#8221;#000000&#8243; button_bg_color=&#8221;#ffffff&#8221; button_border_width=&#8221;0px&#8221; button_border_radius=&#8221;0px&#8221; button_font=&#8221;||||||||&#8221; button_use_icon=&#8221;off&#8221; locked=&#8221;off&#8221; global_colors_info=&#8221;{}&#8221;][\/et_pb_button][et_pb_button button_url=&#8221;https:\/\/koetterheinrich.de\/it\/hydrangea\/tabletensia-purple\/&#8221; button_text=&#8221;al prodotto&#8221; button_alignment=&#8221;center&#8221; disabled_on=&#8221;off|off|on&#8221; _builder_version=&#8221;4.16&#8243; custom_button=&#8221;on&#8221; button_text_color=&#8221;#000000&#8243; button_bg_color=&#8221;#ffffff&#8221; button_border_width=&#8221;0px&#8221; button_border_radius=&#8221;0px&#8221; button_font=&#8221;||||||||&#8221; button_use_icon=&#8221;off&#8221; locked=&#8221;off&#8221; global_colors_info=&#8221;{}&#8221;][\/et_pb_button][\/et_pb_column][et_pb_column type=&#8221;1_2&#8243; _builder_version=&#8221;4.18.0&#8243; background_image=&#8221;https:\/\/koetterheinrich.de\/wp-content\/uploads\/2023\/01\/Tabletensia\u00ae-Rosa-Bildquelle-Ko\u0308tterheinrich-G.jpg&#8221; custom_padding=&#8221;160px||160px|80px&#8221; custom_padding_tablet=&#8221;|||0px&#8221; custom_padding_phone=&#8221;|||0px&#8221; custom_padding_last_edited=&#8221;on|phone&#8221; global_colors_info=&#8221;{}&#8221; padding_phone=&#8221;|||0px&#8221; padding_tablet=&#8221;|||0px&#8221; padding_last_edited=&#8221;on|phone&#8221; custom_padding__hover=&#8221;|||&#8221;][et_pb_image src=&#8221;https:\/\/koetterheinrich.de\/wp-content\/uploads\/2023\/01\/Tabletensia_Logo_final_rosa-1b.jpg.png&#8221; title_text=&#8221;Tabletensia_Logo_final_rosa-1&#8243; url=&#8221;https:\/\/koetterheinrich.de\/it\/hydrangea\/tabletensia-pink\/&#8221; use_overlay=&#8221;on&#8221; overlay_icon_color=&#8221;#000000&#8243; hover_overlay_color=&#8221;rgba(255,255,255,0.8)&#8221; hover_icon=&#8221;&#xe060;||divi||400&#8243; align_tablet=&#8221;center&#8221; align_phone=&#8221;center&#8221; align_last_edited=&#8221;on|desktop&#8221; _builder_version=&#8221;4.18.0&#8243; global_colors_info=&#8221;{}&#8221;][\/et_pb_image][et_pb_button button_url=&#8221;https:\/\/koetterheinrich.de\/it\/hydrangea\/tabletensia-pink\/&#8221; button_text=&#8221;al prodotto&#8221; button_alignment=&#8221;left&#8221; disabled_on=&#8221;on|on|off&#8221; _builder_version=&#8221;4.16&#8243; custom_button=&#8221;on&#8221; button_text_color=&#8221;#000000&#8243; button_bg_color=&#8221;#ffffff&#8221; button_border_width=&#8221;0px&#8221; button_border_radius=&#8221;0px&#8221; button_font=&#8221;||||||||&#8221; button_use_icon=&#8221;off&#8221; locked=&#8221;off&#8221; global_colors_info=&#8221;{}&#8221;][\/et_pb_button][et_pb_button button_url=&#8221;https:\/\/koetterheinrich.de\/it\/hydrangea\/tabletensia-pink\/&#8221; button_text=&#8221;al prodotto&#8221; button_alignment=&#8221;center&#8221; disabled_on=&#8221;off|off|on&#8221; _builder_version=&#8221;4.16&#8243; custom_button=&#8221;on&#8221; button_text_color=&#8221;#000000&#8243; button_bg_color=&#8221;#ffffff&#8221; button_border_width=&#8221;0px&#8221; button_border_radius=&#8221;0px&#8221; button_font=&#8221;||||||||&#8221; button_use_icon=&#8221;off&#8221; locked=&#8221;off&#8221; global_colors_info=&#8221;{}&#8221;][\/et_pb_button][\/et_pb_column][\/et_pb_row][\/et_pb_section][et_pb_section fb_built=&#8221;1&#8243; module_class=&#8221;tabletensia-gallery&#8221; _builder_version=&#8221;4.16&#8243; locked=&#8221;off&#8221; global_colors_info=&#8221;{}&#8221;][et_pb_row _builder_version=&#8221;4.16&#8243; width=&#8221;100%&#8221; max_width=&#8221;100%&#8221; use_custom_width=&#8221;on&#8221; width_unit=&#8221;off&#8221; custom_width_percent=&#8221;100%&#8221; global_colors_info=&#8221;{}&#8221;][et_pb_column type=&#8221;4_4&#8243; _builder_version=&#8221;4.16&#8243; custom_padding=&#8221;|||&#8221; global_colors_info=&#8221;{}&#8221; custom_padding__hover=&#8221;|||&#8221;][et_pb_gallery gallery_ids=&#8221;9164,9158,9152,9146,9140,9134,9128&#8243; fullwidth=&#8221;on&#8221; _builder_version=&#8221;4.18.0&#8243; hover_enabled=&#8221;0&#8243; global_colors_info=&#8221;{}&#8221; _module_preset=&#8221;default&#8221; sticky_enabled=&#8221;0&#8243;][\/et_pb_gallery][\/et_pb_column][\/et_pb_row][\/et_pb_section]<\/p>\n","protected":false},"excerpt":{"rendered":"<p>Una vera novit\u00e0 tra le ortensie e una particolarit\u00e0 di K\u00f6tterheinrich: la straordinaria Tabletensia. L\u2019ampia ramificazione e la sua ricca fioritura, che le donano l\u2019aspetto di un mazzo di fiori, saltano subito all\u2019occhio. Per via della sua crescita compatta, la Tabletensia \u00e8 pi\u00f9 piccola delle ortensie classiche; la sua forma particolarmente piatta la rende una [&hellip;]<\/p>\n","protected":false},"author":4,"featured_media":9095,"parent":585,"menu_order":0,"comment_status":"closed","ping_status":"closed","template":"","meta":{"_et_pb_use_builder":"on","_et_pb_old_content":"","_et_gb_content_width":""},"acf":[],"_links":{"self":[{"href":"https:\/\/koetterheinrich.de\/it\/wp-json\/wp\/v2\/pages\/4630"}],"collection":[{"href":"https:\/\/koetterheinrich.de\/it\/wp-json\/wp\/v2\/pages"}],"about":[{"href":"https:\/\/koetterheinrich.de\/it\/wp-json\/wp\/v2\/types\/page"}],"author":[{"embeddable":true,"href":"https:\/\/koetterheinrich.de\/it\/wp-json\/wp\/v2\/users\/4"}],"replies":[{"embeddable":true,"href":"https:\/\/koetterheinrich.de\/it\/wp-json\/wp\/v2\/comments?post=4630"}],"version-history":[{"count":12,"href":"https:\/\/koetterheinrich.de\/it\/wp-json\/wp\/v2\/pages\/4630\/revisions"}],"predecessor-version":[{"id":9188,"href":"https:\/\/koetterheinrich.de\/it\/wp-json\/wp\/v2\/pages\/4630\/revisions\/9188"}],"up":[{"embeddable":true,"href":"https:\/\/koetterheinrich.de\/it\/wp-json\/wp\/v2\/pages\/585"}],"wp:featuredmedia":[{"embeddable":true,"href":"https:\/\/koetterheinrich.de\/it\/wp-json\/wp\/v2\/media\/9095"}],"wp:attachment":[{"href":"https:\/\/koetterheinrich.de\/it\/wp-json\/wp\/v2\/media?parent=4630"}],"curies":[{"name":"wp","href":"https:\/\/api.w.org\/{rel}","templated":true}]}}