{"id":4543,"date":"2018-12-13T11:08:53","date_gmt":"2018-12-13T10:08:53","guid":{"rendered":"http:\/\/koetterheinrich.de\/?page_id=4543"},"modified":"2018-12-13T13:15:18","modified_gmt":"2018-12-13T12:15:18","slug":"tabletensia-invita-a-tavola","status":"publish","type":"page","link":"https:\/\/koetterheinrich.de\/it\/bellezza-in-tante-nuance-di-colore\/tabletensia-invita-a-tavola\/","title":{"rendered":"Tabletensia invita a tavola"},"content":{"rendered":"<p>[et_pb_section fb_built=&#8221;1&#8243; _builder_version=&#8221;3.18.4&#8243; background_image=&#8221;https:\/\/koetterheinrich.de\/wp-content\/uploads\/2018\/11\/Tabletensia\u00ae-Bildrechte-Ko\u0308tterheinrich-40-gedreht-1.jpg&#8221; custom_margin=&#8221;||&#8221; custom_padding=&#8221;||160px&#8221; locked=&#8221;off&#8221;][et_pb_row _builder_version=&#8221;3.18.4&#8243; background_size=&#8221;initial&#8221; background_position=&#8221;top_left&#8221; background_repeat=&#8221;repeat&#8221;][et_pb_column type=&#8221;1_4&#8243; _builder_version=&#8221;3.0.47&#8243; parallax=&#8221;off&#8221; parallax_method=&#8221;on&#8221;][et_pb_sidebar area=&#8221;sidebar-1&#8243; show_border=&#8221;off&#8221; _builder_version=&#8221;3.17.6&#8243; text_orientation=&#8221;center&#8221;][\/et_pb_sidebar][\/et_pb_column][et_pb_column type=&#8221;1_2&#8243; _builder_version=&#8221;3.0.47&#8243; parallax=&#8221;off&#8221; parallax_method=&#8221;on&#8221;][et_pb_post_title meta=&#8221;off&#8221; featured_image=&#8221;off&#8221; text_color=&#8221;light&#8221; _builder_version=&#8221;3.17.6&#8243; title_font=&#8221;|||on|||||&#8221; title_font_size=&#8221;40px&#8221;][\/et_pb_post_title][et_pb_text _builder_version=&#8221;3.18.5&#8243;]Una vera novit\u00e0 tra le ortensie e una particolarit\u00e0 di K\u00f6tterheinrich: la straordinaria Tabletensia. L\u2019ampia ramificazione e la sua ricca fioritura, che le donano l\u2019aspetto di un mazzo di fiori, saltano subito all\u2019occhio.<\/p>\n<p>Per via della sua crescita compatta, la Tabletensia \u00e8 pi\u00f9 piccola delle ortensie classiche; la sua forma particolarmente piatta la rende una decorazione di fantasia per ogni tavolo. <\/p>\n<p>I suoi fiori rosa e porpora si conservano fino all\u2019autunno. Per le due varianti di colore forniamo etichette adeguate.[\/et_pb_text][\/et_pb_column][et_pb_column type=&#8221;1_4&#8243; _builder_version=&#8221;3.0.47&#8243; parallax=&#8221;off&#8221; parallax_method=&#8221;on&#8221;][\/et_pb_column][\/et_pb_row][\/et_pb_section][et_pb_section fb_built=&#8221;1&#8243; module_class=&#8221;tabletensia&#8221; _builder_version=&#8221;3.18.4&#8243; locked=&#8221;off&#8221;][et_pb_row use_custom_width=&#8221;on&#8221; width_unit=&#8221;off&#8221; custom_width_percent=&#8221;100%&#8221; bg_img_1=&#8221;https:\/\/koetterheinrich.de\/wp-content\/uploads\/2018\/11\/Tabletensia\u00ae-Lila-Bildquelle-Ko\u0308tterheinrich-G.jpg&#8221; bg_img_2=&#8221;https:\/\/koetterheinrich.de\/wp-content\/uploads\/2018\/11\/Tabletensia\u00ae-Rosa-Bildquelle-Ko\u0308tterheinrich-G.jpg&#8221; padding_top_1=&#8221;160px&#8221; padding_top_2=&#8221;160px&#8221; padding_right_1=&#8221;80px&#8221; padding_bottom_1=&#8221;160px&#8221; padding_bottom_2=&#8221;160px&#8221; padding_left_2=&#8221;80px&#8221; padding_1_tablet=&#8221;|0px||&#8221; padding_2_tablet=&#8221;|||0px&#8221; padding_2_phone=&#8221;|||0px&#8221; padding_1_last_edited=&#8221;on|tablet&#8221; padding_2_last_edited=&#8221;on|phone&#8221; _builder_version=&#8221;3.18.4&#8243;][et_pb_column type=&#8221;1_2&#8243; _builder_version=&#8221;3.18.4&#8243; padding_tablet=&#8221;|0px||&#8221; padding_last_edited=&#8221;on|tablet&#8221; padding_bottom=&#8221;160px&#8221; padding_right=&#8221;80px&#8221; padding_top=&#8221;160px&#8221; bg_img=&#8221;https:\/\/koetterheinrich.de\/wp-content\/uploads\/2018\/11\/Tabletensia\u00ae-Lila-Bildquelle-Ko\u0308tterheinrich-G.jpg&#8221; parallax=&#8221;off&#8221; parallax_method=&#8221;on&#8221;][et_pb_image src=&#8221;https:\/\/koetterheinrich.de\/wp-content\/uploads\/2018\/11\/Tabletensia_Logo_final_blau-1.jpg&#8221; url=&#8221;https:\/\/koetterheinrich.de\/it\/hydrangea\/tabletensia-purple\/&#8221; align=&#8221;right&#8221; _builder_version=&#8221;3.18.5&#8243;][\/et_pb_image][\/et_pb_column][et_pb_column type=&#8221;1_2&#8243; _builder_version=&#8221;3.18.4&#8243; padding_phone=&#8221;|||0px&#8221; padding_tablet=&#8221;|||0px&#8221; padding_last_edited=&#8221;on|phone&#8221; padding_bottom=&#8221;160px&#8221; padding_left=&#8221;80px&#8221; padding_top=&#8221;160px&#8221; bg_img=&#8221;https:\/\/koetterheinrich.de\/wp-content\/uploads\/2018\/11\/Tabletensia\u00ae-Rosa-Bildquelle-Ko\u0308tterheinrich-G.jpg&#8221; parallax=&#8221;off&#8221; parallax_method=&#8221;on&#8221;][et_pb_image src=&#8221;https:\/\/koetterheinrich.de\/wp-content\/uploads\/2018\/11\/Tabletensia_Logo_final_rosa-1.jpg&#8221; url=&#8221;https:\/\/koetterheinrich.de\/it\/hydrangea\/tabletensia-pink\/&#8221; _builder_version=&#8221;3.18.5&#8243;][\/et_pb_image][\/et_pb_column][\/et_pb_row][\/et_pb_section][et_pb_section fb_built=&#8221;1&#8243; module_class=&#8221;tabletensia-gallery&#8221; _builder_version=&#8221;3.18.4&#8243; locked=&#8221;off&#8221;][et_pb_row use_custom_width=&#8221;on&#8221; width_unit=&#8221;off&#8221; custom_width_percent=&#8221;100%&#8221; _builder_version=&#8221;3.18.4&#8243;][et_pb_column type=&#8221;4_4&#8243; _builder_version=&#8221;3.18.4&#8243; parallax=&#8221;off&#8221; parallax_method=&#8221;on&#8221;][et_pb_gallery gallery_ids=&#8221;2788,2793,2798,2803,2808,2813,2818,2823,2828&#8243; fullwidth=&#8221;on&#8221; _builder_version=&#8221;3.18.4&#8243;][\/et_pb_gallery][\/et_pb_column][\/et_pb_row][\/et_pb_section]<\/p>\n","protected":false},"excerpt":{"rendered":"<p>Una vera novit\u00e0 tra le ortensie e una particolarit\u00e0 di K\u00f6tterheinrich: la straordinaria Tabletensia. L\u2019ampia ramificazione e la sua ricca fioritura, che le donano l\u2019aspetto di un mazzo di fiori, saltano subito all\u2019occhio. Per via della sua crescita compatta, la Tabletensia \u00e8 pi\u00f9 piccola delle ortensie classiche; la sua forma particolarmente piatta la rende una [&hellip;]<\/p>\n","protected":false},"author":4,"featured_media":0,"parent":585,"menu_order":0,"comment_status":"closed","ping_status":"closed","template":"","meta":{"_et_pb_use_builder":"on","_et_pb_old_content":"","_et_gb_content_width":""},"acf":[],"_links":{"self":[{"href":"https:\/\/koetterheinrich.de\/it\/wp-json\/wp\/v2\/pages\/4543"}],"collection":[{"href":"https:\/\/koetterheinrich.de\/it\/wp-json\/wp\/v2\/pages"}],"about":[{"href":"https:\/\/koetterheinrich.de\/it\/wp-json\/wp\/v2\/types\/page"}],"author":[{"embeddable":true,"href":"https:\/\/koetterheinrich.de\/it\/wp-json\/wp\/v2\/users\/4"}],"replies":[{"embeddable":true,"href":"https:\/\/koetterheinrich.de\/it\/wp-json\/wp\/v2\/comments?post=4543"}],"version-history":[{"count":4,"href":"https:\/\/koetterheinrich.de\/it\/wp-json\/wp\/v2\/pages\/4543\/revisions"}],"predecessor-version":[{"id":4576,"href":"https:\/\/koetterheinrich.de\/it\/wp-json\/wp\/v2\/pages\/4543\/revisions\/4576"}],"up":[{"embeddable":true,"href":"https:\/\/koetterheinrich.de\/it\/wp-json\/wp\/v2\/pages\/585"}],"wp:attachment":[{"href":"https:\/\/koetterheinrich.de\/it\/wp-json\/wp\/v2\/media?parent=4543"}],"curies":[{"name":"wp","href":"https:\/\/api.w.org\/{rel}","templated":true}]}}