{"id":1093,"date":"2016-01-22T08:10:30","date_gmt":"2016-01-22T07:10:30","guid":{"rendered":"http:\/\/koetterheinrich.de\/it\/?page_id=1093"},"modified":"2016-06-13T08:32:36","modified_gmt":"2016-06-13T06:32:36","slug":"grandezza-tecnologia-e-qualita","status":"publish","type":"page","link":"https:\/\/koetterheinrich.de\/it\/grandezza-tecnologia-e-qualita\/","title":{"rendered":"Grandezza, <br>tecnologia <br>e qualit\u00e0."},"content":{"rendered":"<p>Sono fondamentalmente queste tre parole chiave che caratterizzano l\u2019azienda K\u00f6tterheinrich. Grandezza, dimostrata dal volume di produzione di oltre 9 milioni di ortensie all\u2019anno. Tecnologia moderna, evidenziata dalle serre di 40.000 metri quadrati di superficie e dalle celle frigorifere con un volume totale di 40.000 metri cubi.<\/p>\n<p>Soprattutto qualit\u00e0, ottenuta con tutto l\u2019impegno possibile, ad iniziare dal know-how dei nostri 45 collaboratori, resa possibile grazie ai migliori siti di produzione, inseriti nella nostra riserva naturale della superficie di 3 ettari. Naturalmente sempre e solo il meglio.<\/p>\n","protected":false},"excerpt":{"rendered":"<p>Sono fondamentalmente queste tre parole chiave che caratterizzano l\u2019azienda K\u00f6tterheinrich. Grandezza, dimostrata dal volume di produzione di oltre 9 milioni di ortensie all\u2019anno. Tecnologia moderna, evidenziata dalle serre di 40.000 metri quadrati di superficie e dalle celle frigorifere con un volume totale di 40.000 metri cubi. Soprattutto qualit\u00e0, ottenuta con tutto l\u2019impegno possibile, ad iniziare [&hellip;]<\/p>\n","protected":false},"author":3,"featured_media":114,"parent":0,"menu_order":0,"comment_status":"closed","ping_status":"closed","template":"","meta":{"_et_pb_use_builder":"off","_et_pb_old_content":"Diese drei Schlagworte kennzeichnen K\u00f6tterheinrich grundlegend. Gr\u00f6\u00dfe, die durch das Produktionsvolumen von \u00fcber 9 Millionen Hortensien pro Jahr sichtbar wird. Moderne Technologie, die sich bei der Betrachtung der Gew\u00e4chsh\u00e4user mit 40.000 Quadratmeter Fl\u00e4che und der K\u00fchlh\u00e4user mit 40.000 Kubikmeter Volumen zeigt.\r\n\r\nDar\u00fcber hinaus Qualit\u00e4t, bei allem was wir tun: Angefangen beim Know-how unserer 45 Mitarbeiter. Erm\u00f6glicht durch die besten Produktionsst\u00e4tten. Zu Ende gedacht durch unser 3 Hektar gro\u00dfes Naturschutzgebiet. Rundum \"Nat\u00fcrlich nur das Beste\".","_et_gb_content_width":""},"acf":[],"_links":{"self":[{"href":"https:\/\/koetterheinrich.de\/it\/wp-json\/wp\/v2\/pages\/1093"}],"collection":[{"href":"https:\/\/koetterheinrich.de\/it\/wp-json\/wp\/v2\/pages"}],"about":[{"href":"https:\/\/koetterheinrich.de\/it\/wp-json\/wp\/v2\/types\/page"}],"author":[{"embeddable":true,"href":"https:\/\/koetterheinrich.de\/it\/wp-json\/wp\/v2\/users\/3"}],"replies":[{"embeddable":true,"href":"https:\/\/koetterheinrich.de\/it\/wp-json\/wp\/v2\/comments?post=1093"}],"version-history":[{"count":0,"href":"https:\/\/koetterheinrich.de\/it\/wp-json\/wp\/v2\/pages\/1093\/revisions"}],"wp:featuredmedia":[{"embeddable":true,"href":"https:\/\/koetterheinrich.de\/it\/wp-json\/wp\/v2\/media\/114"}],"wp:attachment":[{"href":"https:\/\/koetterheinrich.de\/it\/wp-json\/wp\/v2\/media?parent=1093"}],"curies":[{"name":"wp","href":"https:\/\/api.w.org\/{rel}","templated":true}]}}