{"id":528,"date":"2016-01-20T10:24:02","date_gmt":"2016-01-20T09:24:02","guid":{"rendered":"http:\/\/koetterheinrich.de\/?page_id=528&#038;lang=en"},"modified":"2016-01-20T12:33:14","modified_gmt":"2016-01-20T11:33:14","slug":"hydrangeaproducts","status":"publish","type":"page","link":"https:\/\/koetterheinrich.de\/en\/hydrangeaproducts\/","title":{"rendered":"One plant, <br>many factors"},"content":{"rendered":"<p>There are many factors that play a role in the cultivation of beautiful and healthy hydrangeas. The mineral nutrients plants receive during cultivation are a decisive factor. To ensure that we only have the best varieties in our range, K\u00f6tterheinrich is a member of the Hydrangea Breeders Association (HBA) and also offers varieties from other breeders. In the cultivation and care of these selected varieties, the ideal location is extremely important for maintaining consistent culture standards. Professional handling by our highly experienced and competent team is also very important.<\/p>\n<p>The result of our attentive and well planned cultivation is best experienced by looking at our products themselves. These are offered in three development stages &#8211; all of which share the common attributes of hardiness and consistent quality:<\/p>\n","protected":false},"excerpt":{"rendered":"<p>There are many factors that play a role in the cultivation of beautiful and healthy hydrangeas. The mineral nutrients plants receive during cultivation are a decisive factor. To ensure that we only have the best varieties in our range, K\u00f6tterheinrich is a member of the Hydrangea Breeders Association (HBA) and also offers varieties from other [&hellip;]<\/p>\n","protected":false},"author":3,"featured_media":325,"parent":0,"menu_order":0,"comment_status":"closed","ping_status":"closed","template":"","meta":{"_et_pb_use_builder":"off","_et_pb_old_content":"In der Kultivierung von prachtvollen und vitalen Hortensien spielen viele Faktoren eine Rolle. Ein entscheidender Faktor sind die Anlagen, welche der Pflanze durch die Z\u00fcchtung mitgegeben werden. Um nur die besten Sorten ins unser Programm aufzunehmen, ist K\u00f6tterheinrich Mitglied der Hydrangean Breeders Association (HBA) und hat dar\u00fcber hinaus Sorten weiterer Z\u00fcchter im Sortiment. In der Aufzucht und Pflege dieser ausgew\u00e4hlten Sorten sind dann ideale Standortfaktoren unerl\u00e4sslich, um gleichbleibende Kulturstandards zu erm\u00f6glichen. Weiterhin ist die professionelle Handhabung durch fachkundige Mitarbeiter von entscheidender Bedeutung.\r\n\r\nErleben l\u00e4sst sich das Ergebnis unserer bewussten und durchdachten Kultivierung am einfachsten anhand unserer Produkte selbst. Diese werden in drei Entwicklungsstadien angeboten, die allesamt durch ihre Robustheit und homogene Qualit\u00e4t \u00fcberzeugen:","_et_gb_content_width":""},"acf":[],"_links":{"self":[{"href":"https:\/\/koetterheinrich.de\/en\/wp-json\/wp\/v2\/pages\/528"}],"collection":[{"href":"https:\/\/koetterheinrich.de\/en\/wp-json\/wp\/v2\/pages"}],"about":[{"href":"https:\/\/koetterheinrich.de\/en\/wp-json\/wp\/v2\/types\/page"}],"author":[{"embeddable":true,"href":"https:\/\/koetterheinrich.de\/en\/wp-json\/wp\/v2\/users\/3"}],"replies":[{"embeddable":true,"href":"https:\/\/koetterheinrich.de\/en\/wp-json\/wp\/v2\/comments?post=528"}],"version-history":[{"count":0,"href":"https:\/\/koetterheinrich.de\/en\/wp-json\/wp\/v2\/pages\/528\/revisions"}],"wp:featuredmedia":[{"embeddable":true,"href":"https:\/\/koetterheinrich.de\/en\/wp-json\/wp\/v2\/media\/325"}],"wp:attachment":[{"href":"https:\/\/koetterheinrich.de\/en\/wp-json\/wp\/v2\/media?parent=528"}],"curies":[{"name":"wp","href":"https:\/\/api.w.org\/{rel}","templated":true}]}}