{"id":520,"date":"2016-01-20T10:04:00","date_gmt":"2016-01-20T09:04:00","guid":{"rendered":"http:\/\/koetterheinrich.de\/?page_id=520&#038;lang=en"},"modified":"2019-03-04T10:51:31","modified_gmt":"2019-03-04T09:51:31","slug":"naturally-only-the-best","status":"publish","type":"page","link":"https:\/\/koetterheinrich.de\/en\/","title":{"rendered":"The best<br>is natural"},"content":{"rendered":"<p>Hydrangeas are very special plants. Our passion for growing and offering only the best, most beautiful and healthiest hydrangeas has made K\u00f6tterheinrich a leading hydrangea supplier in Germany. Years of experience in growing and caring for hydrangeas and an optimal production process produce healthy plants.<\/p>\n<p>As a renowned specialist, K\u00f6tterheinrich is an excellent partner when it comes to hydrangea breeding, cultivation and care. Find out more about our products and services!<\/p>\n","protected":false},"excerpt":{"rendered":"<p>Hydrangeas are very special plants. Our passion for growing and offering only the best, most beautiful and healthiest hydrangeas has made K\u00f6tterheinrich a leading hydrangea supplier in Germany. Years of experience in growing and caring for hydrangeas and an optimal production process produce healthy plants. As a renowned specialist, K\u00f6tterheinrich is an excellent partner when [&hellip;]<\/p>\n","protected":false},"author":3,"featured_media":393,"parent":0,"menu_order":0,"comment_status":"closed","ping_status":"closed","template":"","meta":{"_et_pb_use_builder":"off","_et_pb_old_content":"Hydrangea \u2013 also Hortensien \u2013 sind ein ganz besonderes Produkt. Durch Freude an der Kultivierung und dem Bestreben, nur die sch\u00f6nsten und vitalsten Hortensien anzubieten, ist K\u00f6tterheinrich einer der f\u00fchrenden Hortensienbetriebe in Deutschland geworden. Jahrelange Erfahrung mit Hortensiengew\u00e4chsen und der speziell f\u00fcr sie zugeschnittene Produktionsablauf sorgen f\u00fcr ein optimales Ergebnis.\r\n\r\nWer ausgewiesene Spezialisten sucht, die alle Arbeitsschritte in Zucht, Aufzucht und Pflege von Hortensien beherrschen, findet in K\u00f6tterheinrich einen idealen Partner. Erfahren Sie mehr und \u00fcberzeugen Sie sich selbst von unseren Produkten und Leistungen!\r\n\r\n<a href=\"https:\/\/koetterheinrich.de\/sortenschau-2019\/\"><img class=\"wp-image-2376 size-full alignnone\" src=\"https:\/\/koetterheinrich.de\/wp-content\/uploads\/2018\/10\/Sortenschau_2019.jpg\" alt=\"\" width=\"236\" height=\"236\" \/><\/a>\u00a0 \u00a0 \u00a0 <img class=\"alignnone wp-image-2221 size-full\" src=\"https:\/\/koetterheinrich.de\/wp-content\/uploads\/2018\/01\/wir-machen-mit_button-1-e1540899281750.jpg\" alt=\"Wir machen mit - Wir bilden aus!\" width=\"224\" height=\"136\" \/>","_et_gb_content_width":""},"acf":[],"_links":{"self":[{"href":"https:\/\/koetterheinrich.de\/en\/wp-json\/wp\/v2\/pages\/520"}],"collection":[{"href":"https:\/\/koetterheinrich.de\/en\/wp-json\/wp\/v2\/pages"}],"about":[{"href":"https:\/\/koetterheinrich.de\/en\/wp-json\/wp\/v2\/types\/page"}],"author":[{"embeddable":true,"href":"https:\/\/koetterheinrich.de\/en\/wp-json\/wp\/v2\/users\/3"}],"replies":[{"embeddable":true,"href":"https:\/\/koetterheinrich.de\/en\/wp-json\/wp\/v2\/comments?post=520"}],"version-history":[{"count":4,"href":"https:\/\/koetterheinrich.de\/en\/wp-json\/wp\/v2\/pages\/520\/revisions"}],"predecessor-version":[{"id":5182,"href":"https:\/\/koetterheinrich.de\/en\/wp-json\/wp\/v2\/pages\/520\/revisions\/5182"}],"wp:featuredmedia":[{"embeddable":true,"href":"https:\/\/koetterheinrich.de\/en\/wp-json\/wp\/v2\/media\/393"}],"wp:attachment":[{"href":"https:\/\/koetterheinrich.de\/en\/wp-json\/wp\/v2\/media?parent=520"}],"curies":[{"name":"wp","href":"https:\/\/api.w.org\/{rel}","templated":true}]}}