{"id":1091,"date":"2016-01-22T08:09:41","date_gmt":"2016-01-22T07:09:41","guid":{"rendered":"http:\/\/koetterheinrich.de\/en\/?page_id=1091"},"modified":"2016-06-13T08:32:05","modified_gmt":"2016-06-13T06:32:05","slug":"size-technology-and-quality","status":"publish","type":"page","link":"https:\/\/koetterheinrich.de\/en\/size-technology-and-quality\/","title":{"rendered":"Size, <br>technology <br>and quality."},"content":{"rendered":"<p>Three attributes for which K\u00f6tterheinrich is renowned. Size \u2013 reflected in a production volume of over 9 million hydrangeas annually. Modern technology \u2013 used in greenhouses on an area of 40.000 square metres and cold stores with a volume of 40.000 cubic metres.<\/p>\n<p>And then there is quality \u2013 for which we are renowned: Beginning with the expertise of our 45 employees. Made possible by the best production facilities. Rounded off by our 3 hectares of conservation area. &#8220;Naturally only the best&#8221; in every respect.<\/p>\n","protected":false},"excerpt":{"rendered":"<p>Three attributes for which K\u00f6tterheinrich is renowned. Size \u2013 reflected in a production volume of over 9 million hydrangeas annually. Modern technology \u2013 used in greenhouses on an area of 40.000 square metres and cold stores with a volume of 40.000 cubic metres. And then there is quality \u2013 for which we are renowned: Beginning [&hellip;]<\/p>\n","protected":false},"author":3,"featured_media":114,"parent":0,"menu_order":0,"comment_status":"closed","ping_status":"closed","template":"","meta":{"_et_pb_use_builder":"off","_et_pb_old_content":"Diese drei Schlagworte kennzeichnen K\u00f6tterheinrich grundlegend. Gr\u00f6\u00dfe, die durch das Produktionsvolumen von \u00fcber 9 Millionen Hortensien pro Jahr sichtbar wird. Moderne Technologie, die sich bei der Betrachtung der Gew\u00e4chsh\u00e4user mit 40.000 Quadratmeter Fl\u00e4che und der K\u00fchlh\u00e4user mit 40.000 Kubikmeter Volumen zeigt.\r\n\r\nDar\u00fcber hinaus Qualit\u00e4t, bei allem was wir tun: Angefangen beim Know-how unserer 45 Mitarbeiter. Erm\u00f6glicht durch die besten Produktionsst\u00e4tten. Zu Ende gedacht durch unser 3 Hektar gro\u00dfes Naturschutzgebiet. Rundum \"Nat\u00fcrlich nur das Beste\".","_et_gb_content_width":""},"acf":[],"_links":{"self":[{"href":"https:\/\/koetterheinrich.de\/en\/wp-json\/wp\/v2\/pages\/1091"}],"collection":[{"href":"https:\/\/koetterheinrich.de\/en\/wp-json\/wp\/v2\/pages"}],"about":[{"href":"https:\/\/koetterheinrich.de\/en\/wp-json\/wp\/v2\/types\/page"}],"author":[{"embeddable":true,"href":"https:\/\/koetterheinrich.de\/en\/wp-json\/wp\/v2\/users\/3"}],"replies":[{"embeddable":true,"href":"https:\/\/koetterheinrich.de\/en\/wp-json\/wp\/v2\/comments?post=1091"}],"version-history":[{"count":0,"href":"https:\/\/koetterheinrich.de\/en\/wp-json\/wp\/v2\/pages\/1091\/revisions"}],"wp:featuredmedia":[{"embeddable":true,"href":"https:\/\/koetterheinrich.de\/en\/wp-json\/wp\/v2\/media\/114"}],"wp:attachment":[{"href":"https:\/\/koetterheinrich.de\/en\/wp-json\/wp\/v2\/media?parent=1091"}],"curies":[{"name":"wp","href":"https:\/\/api.w.org\/{rel}","templated":true}]}}